{"id":1509,"date":"2025-07-24T08:15:48","date_gmt":"2025-07-24T06:15:48","guid":{"rendered":"https:\/\/naftictest.es\/gdeco\/impressum\/"},"modified":"2025-10-02T16:45:39","modified_gmt":"2025-10-02T14:45:39","slug":"impressum","status":"publish","type":"page","link":"https:\/\/gdeco.es\/de\/impressum\/","title":{"rendered":"Impressum"},"content":{"rendered":"<p>Gem\u00e4\u00df den Bestimmungen des Gesetzes 34\/2002 \u00fcber Dienste der Informationsgesellschaft und des elektronischen Gesch\u00e4ftsverkehrs wird mitgeteilt, dass Gim\u00e9nez 2002, S.L. Inhaberin dieser Website ist, deren Hauptdomain gdeco.es lautet, und informiert Sie au\u00dferdem \u00fcber Folgendes:<\/p>\n<p>INHABERSCHAFT<br \/>\nFirmenname: Gim\u00e9nez 2002, S.L. (DER INHABER)<br \/>Steueridentifikationsnummer (CIF): B97200216<br \/>Sitz: Ctra. Tur\u00eds &#8211; Silla, km 1,6, 46389 Tur\u00eds, Valencia<br \/>E-Mail: gdeco@gdeco.es<br \/>\nTur\u00eds &#8211; Silla, km 1,6 46389 Tur\u00eds VALENCIA\u2028Correo electr\u00f3nico: gdeco@gdeco.es <\/p>\n<p>EIGENTUM UND HAFTUNG<br \/>\nGim\u00e9nez 2002 S.L. Alle Rechte vorbehalten.<br \/>\nDiese Website ist Eigentum des INHABERS. Eine vollst\u00e4ndige oder teilweise Vervielf\u00e4ltigung ist ohne ausdr\u00fcckliche Genehmigung des Inhabers und der Rechteinhaber untersagt. Die Vervielf\u00e4ltigung, Nutzung, Verbreitung, \u00f6ffentliche Vermarktung oder jede andere T\u00e4tigkeit mit den auf diesen Webseiten enthaltenen Informationen ohne ausdr\u00fcckliche Genehmigung des Inhabers und\/oder der Rechteinhaber stellt einen Versto\u00df dar, der nach geltendem Recht geahndet wird. Die auf diesen Seiten dargestellten Namen und Logos sind eingetragene Marken und Rechte. Der Zugang zu dieser Website unterliegt den folgenden Bedingungen: Die Vervielf\u00e4ltigung, dauerhafte Speicherung und Verbreitung der Inhalte oder jede andere Nutzung zu \u00f6ffentlichen oder kommerziellen Zwecken ist ohne vorherige ausdr\u00fcckliche schriftliche Zustimmung des Inhabers ausdr\u00fccklich untersagt.<br \/>\nDer Inhaber lehnt jegliche Haftung f\u00fcr den Missbrauch der auf diesen Seiten dargestellten Inhalte ab und beh\u00e4lt sich das Recht vor, diese jederzeit zu aktualisieren, zu l\u00f6schen, einzuschr\u00e4nken oder den Zugang zeitweise oder dauerhaft zu beschr\u00e4nken. Der Inhaber \u00fcbernimmt keine Verantwortung f\u00fcr Informationen, die nicht auf diesen Webseiten enthalten sind. Insbesondere lehnt er die Verantwortung f\u00fcr Informationen ab, die sich auf Webseiten Dritter befinden, die \u00fcber Links mit den Webseiten des Inhabers verbunden sind. Ebenso ist er nicht verantwortlich f\u00fcr m\u00f6gliche Sicherheitsfehler, die durch die Verwendung von Computern verursacht werden k\u00f6nnen, die mit Computerviren infiziert sind, oder f\u00fcr die Folgen, die sich aus Fehlfunktionen des Browsers oder der Verwendung veralteter Versionen ergeben k\u00f6nnen. Die auf dieser Website enthaltenen oder verf\u00fcgbaren Informationen und Dienste k\u00f6nnen Ungenauigkeiten oder typografische Fehler enthalten. Der Inhaber nimmt regelm\u00e4\u00dfig Verbesserungen und\/oder \u00c4nderungen an den Informationen und\/oder Diensten vor, die jederzeit eingef\u00fchrt werden k\u00f6nnen. Der Inhaber erkl\u00e4rt und gew\u00e4hrleistet nicht, dass die Dienste oder Inhalte ununterbrochen oder fehlerfrei sind, dass M\u00e4ngel behoben werden oder dass der Dienst oder der Server, der ihn bereitstellt, frei von Viren oder anderen sch\u00e4dlichen Komponenten ist, unbeschadet der Bem\u00fchungen des Inhabers, solche Vorf\u00e4lle zu vermeiden. Der Inhaber lehnt jegliche Verantwortung im Falle von Unterbrechungen oder Fehlfunktionen der \u00fcber das Internet angebotenen Dienste oder Inhalte ab, unabh\u00e4ngig von deren Ursache. Ebenso ist der Inhaber nicht verantwortlich f\u00fcr Netzausf\u00e4lle, Gesch\u00e4ftsverluste infolge solcher Ausf\u00e4lle, vor\u00fcbergehende Stromunterbrechungen oder jegliche andere indirekten Sch\u00e4den, die aus Gr\u00fcnden entstehen, die au\u00dferhalb der Kontrolle des Inhabers liegen. Bevor Entscheidungen und\/oder Ma\u00dfnahmen auf Grundlage der auf der Website enthaltenen Informationen getroffen werden, empfiehlt der Inhaber, die erhaltenen Informationen mit anderen Quellen zu \u00fcberpr\u00fcfen und abzugleichen.          <\/p>\n<p>ZWECK<br \/>\nDer Zweck dieser Website ist die Ver\u00f6ffentlichung von Waren und Dienstleistungen durch den Inhaber zum Online-Verkauf oder zur Online-Vertragsabwicklung sowie allgemeine Informationen \u00fcber die Gesellschaft und ihre T\u00e4tigkeit.<\/p>\n<p>KONTAKT<br \/>\nWenn Sie Fragen zu diesen rechtlichen Bedingungen haben oder Kommentare zu dieser Website abgeben m\u00f6chten, k\u00f6nnen Sie uns \u00fcber die bereitgestellten Kontaktm\u00f6glichkeiten erreichen.<\/p>\n<p>ANWENDBARES RECHT UND GERICHTSBARKEIT<br \/>\nDiese allgemeinen Bedingungen unterliegen dem spanischen Recht. F\u00fcr alle Streitigkeiten, die im Zusammenhang mit der Website oder der dort ausge\u00fcbten T\u00e4tigkeit entstehen k\u00f6nnen, sind die Gerichte von Valencia zust\u00e4ndig, wobei der Nutzer ausdr\u00fccklich auf jeden anderen ihm zustehenden Gerichtsstand verzichtet. <\/p>\n","protected":false},"excerpt":{"rendered":"<p>Gem\u00e4\u00df den Bestimmungen des Gesetzes 34\/2002 \u00fcber Dienste der Informationsgesellschaft und des elektronischen Gesch\u00e4ftsverkehrs wird mitgeteilt, dass Gim\u00e9nez 2002, S.L. [&hellip;]<\/p>\n","protected":false},"author":1,"featured_media":0,"parent":0,"menu_order":0,"comment_status":"closed","ping_status":"closed","template":"page-templates\/full-width.php","meta":{"footnotes":""},"class_list":["post-1509","page","type-page","status-publish","hentry"],"_links":{"self":[{"href":"https:\/\/gdeco.es\/de\/wp-json\/wp\/v2\/pages\/1509","targetHints":{"allow":["GET"]}}],"collection":[{"href":"https:\/\/gdeco.es\/de\/wp-json\/wp\/v2\/pages"}],"about":[{"href":"https:\/\/gdeco.es\/de\/wp-json\/wp\/v2\/types\/page"}],"author":[{"embeddable":true,"href":"https:\/\/gdeco.es\/de\/wp-json\/wp\/v2\/users\/1"}],"replies":[{"embeddable":true,"href":"https:\/\/gdeco.es\/de\/wp-json\/wp\/v2\/comments?post=1509"}],"version-history":[{"count":1,"href":"https:\/\/gdeco.es\/de\/wp-json\/wp\/v2\/pages\/1509\/revisions"}],"predecessor-version":[{"id":1760,"href":"https:\/\/gdeco.es\/de\/wp-json\/wp\/v2\/pages\/1509\/revisions\/1760"}],"wp:attachment":[{"href":"https:\/\/gdeco.es\/de\/wp-json\/wp\/v2\/media?parent=1509"}],"curies":[{"name":"wp","href":"https:\/\/api.w.org\/{rel}","templated":true}]}}