{"id":1513,"date":"2025-07-24T08:13:01","date_gmt":"2025-07-24T06:13:01","guid":{"rendered":"https:\/\/naftictest.es\/gdeco\/verkaufsbedingungen\/"},"modified":"2025-10-02T17:13:52","modified_gmt":"2025-10-02T15:13:52","slug":"verkaufsbedingungen","status":"publish","type":"page","link":"https:\/\/gdeco.es\/de\/verkaufsbedingungen\/","title":{"rendered":"Verkaufsbedingungen"},"content":{"rendered":"<p>G DECO informiert Sie auf dieser Seite \u00fcber seine Datenschutzrichtlinie in Bezug auf die Verarbeitung und den Schutz personenbezogener Daten von Nutzern und Kunden, die w\u00e4hrend des Surfens, beim Kauf eines Produkts oder beim Abschluss einer Dienstleistung \u00fcber diese Website erhoben werden k\u00f6nnen.<br \/>\nIn diesem Zusammenhang erf\u00fcllt GDECO.ES die Verordnung (EU) 2016\/679 des Europ\u00e4ischen Parlaments und des Rates vom 27. April 2016 zum Schutz nat\u00fcrlicher Personen (DSGVO) und gew\u00e4hrleistet die Einhaltung der geltenden Vorschriften zum Schutz personenbezogener Daten, wie in dem Gesetz \u00fcber den Schutz personenbezogener Daten und die Garantie digitaler Rechte (LOPD GDD) vom 5. Dezember 2018 festgelegt.<br \/>\nDie Nutzung dieser Website setzt die Zustimmung zu dieser Datenschutzrichtlinie sowie zu den Bedingungen im Impressum voraus.<\/p>\n<p>DATEN DES VERANTWORTLICHEN F\u00dcR DIE VERARBEITUNG<br \/>\nFirmenname: Gim\u00e9nez 2002, S.L. (DER INHABER)<br \/>\nSteueridentifikationsnummer (CIF): B97200216<br \/>\nSitz: Ctra. Tur\u00eds &#8211; Silla, km 1,6, 46389 Tur\u00eds, Valencia<br \/>\nE-Mail: gdeco@gdeco.es <\/p>\n<p>ZWECK DER DATENVERARBEITUNG<br \/>\nDer Hauptzweck der Verarbeitung besteht darin, Kundendaten f\u00fcr die Verwaltung von Bestellungen und Angeboten der von uns angebotenen Produkte und technologischen Dienstleistungen, die Rechnungsstellung, Vorf\u00e4lle, den Kundenservice \u00fcber Anfragen und den After-Sales-Service sowie die Verwaltung von Vorf\u00e4llen und Servicequalit\u00e4t zu verwalten.<br \/>\nDar\u00fcber hinaus erlauben Sie ausdr\u00fccklich durch die Bereitstellung Ihrer Daten, dass wir Sie \u00fcber die angegebenen Kontaktm\u00f6glichkeiten kontaktieren d\u00fcrfen, um kommerzielle oder informative Mitteilungen zu \u00fcbermitteln. Wenn Sie sich f\u00fcr unseren Leitfaden anmelden, eine Bestellung aufgeben oder eine Anfrage stellen, geben Sie uns Ihre E-Mail-Adresse, Postanschrift und\/oder Telefonnummer und erm\u00e4chtigen uns ausdr\u00fccklich, Ihnen Werbung zu unseren Produkten und Dienstleistungen \u00fcber jegliche Mittel (Post, E-Mail oder Telefon) zuzusenden und Sie zu von der Firma organisierten Veranstaltungen einzuladen.<br \/>\nAUFBEWAHRUNGSDAUER DER DATEN<br \/>\nDie Daten werden gem\u00e4\u00df dem geltenden Handelsrecht aufbewahrt. Sie k\u00f6nnen jederzeit Ihr Recht auf L\u00f6schung, Berichtigung oder L\u00f6schung aus\u00fcben.  <\/p>\n<p>RECHTSGRUNDLAGE DER DATENVERARBEITUNG<br \/>\nRechtsgrundlage: Ausf\u00fchrung eines Vertrags (Handel)<br \/>\nGesetzliche Verpflichtung (K\u00f6nigliches Gesetzesdekret 1\/2007 vom 16. November und andere erg\u00e4nzende Vorschriften, Handelsgesetzbuch)<\/p>\n<p>EMPF\u00c4NGER DER DATEN<br \/>\nEmpf\u00e4nger: Steuerbeh\u00f6rden, Banken, zust\u00e4ndige \u00f6ffentliche Verwaltung, Kooperationsunternehmen<\/p>\n<p>AUS\u00dcBUNG DER RECHTE<br \/>\nZugang, Berichtigung, Widerspruch, L\u00f6schung, automatisierte Entscheidungen, Einschr\u00e4nkung, Daten\u00fcbertragbarkeit<br \/>\nAntwortfrist: 1 Monat<br \/>\nSie k\u00f6nnen Ihre Rechte \u00fcber folgende Methode aus\u00fcben: E-Mail an gdeco@gdeco.es, unter Vorlage von Unterlagen, die die Identit\u00e4t des Antragstellers nachweisen (Kopie des Vorderseitenausweises oder gleichwertig).<br \/>\nIn jedem Fall k\u00f6nnen Sie den Schutz durch die Spanische Datenschutzbeh\u00f6rde \u00fcber deren Website beantragen.<\/p>\n<p>\u00c4NDERUNGEN DIESER DATENSCHUTZERKL\u00c4RUNG<br \/>\nWir behalten uns das Recht vor, diese Richtlinie zu \u00e4ndern, um sie an gesetzliche oder rechtsprechungsbedingte Neuerungen sowie an Branchenpraktiken anzupassen. In solchen F\u00e4llen werden die \u00c4nderungen auf dieser Seite ver\u00f6ffentlicht. <\/p>\n","protected":false},"excerpt":{"rendered":"<p>G DECO informiert Sie auf dieser Seite \u00fcber seine Datenschutzrichtlinie in Bezug auf die Verarbeitung und den Schutz personenbezogener Daten [&hellip;]<\/p>\n","protected":false},"author":1,"featured_media":0,"parent":0,"menu_order":0,"comment_status":"closed","ping_status":"closed","template":"page-templates\/full-width.php","meta":{"footnotes":""},"class_list":["post-1513","page","type-page","status-publish","hentry"],"_links":{"self":[{"href":"https:\/\/gdeco.es\/de\/wp-json\/wp\/v2\/pages\/1513","targetHints":{"allow":["GET"]}}],"collection":[{"href":"https:\/\/gdeco.es\/de\/wp-json\/wp\/v2\/pages"}],"about":[{"href":"https:\/\/gdeco.es\/de\/wp-json\/wp\/v2\/types\/page"}],"author":[{"embeddable":true,"href":"https:\/\/gdeco.es\/de\/wp-json\/wp\/v2\/users\/1"}],"replies":[{"embeddable":true,"href":"https:\/\/gdeco.es\/de\/wp-json\/wp\/v2\/comments?post=1513"}],"version-history":[{"count":1,"href":"https:\/\/gdeco.es\/de\/wp-json\/wp\/v2\/pages\/1513\/revisions"}],"predecessor-version":[{"id":1778,"href":"https:\/\/gdeco.es\/de\/wp-json\/wp\/v2\/pages\/1513\/revisions\/1778"}],"wp:attachment":[{"href":"https:\/\/gdeco.es\/de\/wp-json\/wp\/v2\/media?parent=1513"}],"curies":[{"name":"wp","href":"https:\/\/api.w.org\/{rel}","templated":true}]}}