{"id":1516,"date":"2025-07-24T08:16:49","date_gmt":"2025-07-24T06:16:49","guid":{"rendered":"https:\/\/naftictest.es\/gdeco\/cookie-richtlinie\/"},"modified":"2025-10-13T08:54:02","modified_gmt":"2025-10-13T06:54:02","slug":"cookie-richtlinie","status":"publish","type":"page","link":"https:\/\/gdeco.es\/de\/cookie-richtlinie\/","title":{"rendered":"Cookie-Richtlinie"},"content":{"rendered":"<p>Diese Cookie-Richtlinie soll Sie klar und pr\u00e4zise \u00fcber die auf dieser Website verwendeten Cookies informieren<\/p>\n<p><strong>Was sind Cookies?<\/strong><\/p>\n<p>Ein Cookie ist eine kleine Textdatei, die von den von Ihnen besuchten Websites an Ihren Browser gesendet wird und es der Website erm\u00f6glicht, Informationen \u00fcber Ihren Besuch zu speichern, z. B. Ihre bevorzugte Sprache und andere Einstellungen, um Ihren n\u00e4chsten Besuch zu erleichtern und die Seite f\u00fcr Sie n\u00fctzlicher zu machen. Cookies spielen eine sehr wichtige Rolle und tragen zu einer besseren Benutzererfahrung beim Surfen bei. <\/p>\n<p>Arten von Cookies<br \/>\nJe nachdem, wer die Domain verwaltet, von der die Cookies gesendet werden und die erhaltenen Daten verarbeitet, gibt es zwei Arten: eigene Cookies und Drittanbieter-Cookies.<\/p>\n<p>Eine weitere Klassifizierung erfolgt nach der Dauer, wie lange sie im Browser des Nutzers gespeichert bleiben: Sitzungs-Cookies oder persistente Cookies.<\/p>\n<p>Schlie\u00dflich gibt es noch eine weitere Klassifizierung mit f\u00fcnf Arten von Cookies je nach Zweck: technische Cookies, Personalisierungs-Cookies, Analyse-Cookies, Werbe-Cookies und Cookies f\u00fcr verhaltensbasierte Werbung.<\/p>\n<p>Weitere Informationen hierzu finden Sie im Leitfaden zur Verwendung von Cookies der spanischen Datenschutzbeh\u00f6rde.<\/p>\n<p><strong>Auf der Website verwendete Cookies<\/strong><br \/>\n<\/p>\n<p>Diese Website verwendet Google Tag Manager und Google Analytics, einen von Google entwickelten Webanalysedienst, der die Messung und Analyse des Website-Traffics erm\u00f6glicht. In Ihrem Browser k\u00f6nnen Cookies dieses Dienstes erscheinen. Nach der obigen Klassifizierung handelt es sich um eigene, Sitzungs- und Analyse-Cookies.  <\/p>\n<p>\u00dcber die Webanalyse werden Informationen \u00fcber die Anzahl der Benutzer, die auf die Website zugreifen, die Anzahl der angesehenen Seiten, die H\u00e4ufigkeit und Wiederholung der Besuche, deren Dauer, den verwendeten Browser, den Betreiber, die Sprache, das verwendete Ger\u00e4t und die Stadt, der die IP-Adresse zugeordnet ist, gesammelt. Diese Informationen erm\u00f6glichen einen besseren und angemesseneren Service. <\/p>\n<p>Um die Anonymit\u00e4t zu gew\u00e4hrleisten, anonymisiert Google die Informationen, indem die IP-Adresse vor der Speicherung gek\u00fcrzt wird, sodass Google Analytics nicht verwendet wird, um personenbezogene Informationen der Besucher der Website zu identifizieren oder zu sammeln. Google darf die von Google Analytics gesammelten Informationen nur dann an Dritte weitergeben, wenn es gesetzlich dazu verpflichtet ist. Gem\u00e4\u00df den Nutzungsbedingungen von Google Analytics wird Google Ihre IP-Adresse nicht mit anderen von Google gespeicherten Daten in Verbindung bringen.  <\/p>\n<p><strong>Annahme der Cookie-Richtlinie<\/strong><\/p>\n<p>Durch die Nutzung dieser Website akzeptieren Sie die Verwendung von Cookies.<\/p>\n<p>Wie man die Cookie-Einstellungen \u00e4ndert<br \/>\nSie k\u00f6nnen Cookies dieser oder anderer Websites mit Ihrem Browser einschr\u00e4nken, blockieren oder l\u00f6schen. Jeder Browser ist unterschiedlich; die Funktion \u201eHilfe\u201c zeigt Ihnen, wie Sie dies tun k\u00f6nnen. <\/p>\n","protected":false},"excerpt":{"rendered":"<p>Diese Cookie-Richtlinie soll Sie klar und pr\u00e4zise \u00fcber die auf dieser Website verwendeten Cookies informieren Was sind Cookies? Ein Cookie [&hellip;]<\/p>\n","protected":false},"author":1,"featured_media":0,"parent":0,"menu_order":0,"comment_status":"closed","ping_status":"closed","template":"page-templates\/full-width.php","meta":{"footnotes":""},"class_list":["post-1516","page","type-page","status-publish","hentry"],"_links":{"self":[{"href":"https:\/\/gdeco.es\/de\/wp-json\/wp\/v2\/pages\/1516","targetHints":{"allow":["GET"]}}],"collection":[{"href":"https:\/\/gdeco.es\/de\/wp-json\/wp\/v2\/pages"}],"about":[{"href":"https:\/\/gdeco.es\/de\/wp-json\/wp\/v2\/types\/page"}],"author":[{"embeddable":true,"href":"https:\/\/gdeco.es\/de\/wp-json\/wp\/v2\/users\/1"}],"replies":[{"embeddable":true,"href":"https:\/\/gdeco.es\/de\/wp-json\/wp\/v2\/comments?post=1516"}],"version-history":[{"count":1,"href":"https:\/\/gdeco.es\/de\/wp-json\/wp\/v2\/pages\/1516\/revisions"}],"predecessor-version":[{"id":1782,"href":"https:\/\/gdeco.es\/de\/wp-json\/wp\/v2\/pages\/1516\/revisions\/1782"}],"wp:attachment":[{"href":"https:\/\/gdeco.es\/de\/wp-json\/wp\/v2\/media?parent=1516"}],"curies":[{"name":"wp","href":"https:\/\/api.w.org\/{rel}","templated":true}]}}