{"id":1764,"date":"2025-07-25T14:12:46","date_gmt":"2025-07-25T12:12:46","guid":{"rendered":"https:\/\/naftictest.es\/gdeco\/contract\/"},"modified":"2025-10-02T16:58:49","modified_gmt":"2025-10-02T14:58:49","slug":"contract","status":"publish","type":"page","link":"https:\/\/gdeco.es\/de\/contract\/","title":{"rendered":"Contract"},"content":{"rendered":"<div id=\"pl-1764\"  class=\"panel-layout\" ><div id=\"pg-1764-0\"  class=\"panel-grid panel-no-style\" ><div id=\"pgc-1764-0-0\"  class=\"panel-grid-cell\" ><div id=\"panel-1764-0-0-0\" class=\"so-panel widget widget_sow-image panel-first-child panel-last-child\" data-index=\"0\" ><div\n\t\t\t\n\t\t\tclass=\"so-widget-sow-image so-widget-sow-image-default-8b5b6f678277-1764\"\n\t\t\t\n\t\t>\n<div class=\"sow-image-container\">\n\t\t<img \n\tsrc=\"https:\/\/gdeco.es\/wp-content\/uploads\/2025\/10\/Contract_1-scaled.jpg\" width=\"2560\" height=\"1973\" srcset=\"https:\/\/gdeco.es\/wp-content\/uploads\/2025\/10\/Contract_1-scaled.jpg 2560w, https:\/\/gdeco.es\/wp-content\/uploads\/2025\/10\/Contract_1-300x231.jpg 300w, https:\/\/gdeco.es\/wp-content\/uploads\/2025\/10\/Contract_1-1024x789.jpg 1024w, https:\/\/gdeco.es\/wp-content\/uploads\/2025\/10\/Contract_1-768x592.jpg 768w, https:\/\/gdeco.es\/wp-content\/uploads\/2025\/10\/Contract_1-1536x1184.jpg 1536w, https:\/\/gdeco.es\/wp-content\/uploads\/2025\/10\/Contract_1-2048x1578.jpg 2048w\" sizes=\"(max-width: 2560px) 100vw, 2560px\" title=\"Contract_1\" alt=\"\" \t\tclass=\"so-widget-image\"\/>\n\t<\/div>\n\n<\/div><\/div><\/div><div id=\"pgc-1764-0-1\"  class=\"panel-grid-cell\" ><div id=\"panel-1764-0-1-0\" class=\"so-panel widget widget_text panel-first-child panel-last-child\" data-index=\"1\" ><div class=\"txt-about panel-widget-style panel-widget-style-for-1764-0-1-0\" >\t\t\t<div class=\"textwidget\"><h2>Exklusives Programm f\u00fcr Fachleute<\/h2>\n<p>Bei GDECO m\u00f6chten wir Sie bei jedem Ihrer Projekte begleiten und Ihnen die Bedingungen bieten, die wirklich den Unterschied ausmachen: fachkundige Beratung, klare Abl\u00e4ufe und v\u00f6llige Flexibilit\u00e4t. Wir m\u00f6chten nicht nur, dass die Welt ein einladenderes und angenehmeres Zuhause hat, sondern auch, dass zuk\u00fcnftige Generationen auf einem Planeten leben, der genauso gut oder sogar besser ist als der, den wir heute genie\u00dfen d\u00fcrfen. <\/p>\n<\/div>\n\t\t<\/div><\/div><\/div><\/div><div id=\"pg-1764-1\"  class=\"panel-grid panel-no-style\" ><div id=\"pgc-1764-1-0\"  class=\"panel-grid-cell\" ><div id=\"panel-1764-1-0-0\" class=\"so-panel widget widget_text panel-first-child panel-last-child\" data-index=\"2\" ><div class=\"txt-about panel-widget-style panel-widget-style-for-1764-1-0-0\" >\t\t\t<div class=\"textwidget\"><h2>Vorteile und Ressourcen f\u00fcr Ihre Arbeit<\/h2>\n<p>Unser professionelles Programm ist speziell f\u00fcr Innenarchitekten, Dekorateure, Architekten, Hotels, Restaurants, B\u00fcros, Immobilienagenturen, Bauunternehmen und Firmen der Branche entwickelt. Damit erhalten Sie Zugang zu exklusiven Rabatten, ganzheitlichen L\u00f6sungen und einem umfangreichen Katalog an Vorteilen, die f\u00fcr Sie gedacht sind. <\/p>\n<\/div>\n\t\t<\/div><\/div><\/div><div id=\"pgc-1764-1-1\"  class=\"panel-grid-cell\" ><div id=\"panel-1764-1-1-0\" class=\"so-panel widget widget_sow-image panel-first-child panel-last-child\" data-index=\"3\" ><div\n\t\t\t\n\t\t\tclass=\"so-widget-sow-image so-widget-sow-image-default-8b5b6f678277-1764\"\n\t\t\t\n\t\t>\n<div class=\"sow-image-container\">\n\t\t<img \n\tsrc=\"https:\/\/gdeco.es\/wp-content\/uploads\/2025\/10\/Contract_2-scaled.jpg\" width=\"2560\" height=\"2161\" srcset=\"https:\/\/gdeco.es\/wp-content\/uploads\/2025\/10\/Contract_2-scaled.jpg 2560w, https:\/\/gdeco.es\/wp-content\/uploads\/2025\/10\/Contract_2-300x253.jpg 300w, https:\/\/gdeco.es\/wp-content\/uploads\/2025\/10\/Contract_2-1024x864.jpg 1024w, https:\/\/gdeco.es\/wp-content\/uploads\/2025\/10\/Contract_2-768x648.jpg 768w, https:\/\/gdeco.es\/wp-content\/uploads\/2025\/10\/Contract_2-1536x1296.jpg 1536w, https:\/\/gdeco.es\/wp-content\/uploads\/2025\/10\/Contract_2-2048x1729.jpg 2048w\" sizes=\"(max-width: 2560px) 100vw, 2560px\" title=\"Contract_2\" alt=\"\" \t\tclass=\"so-widget-image\"\/>\n\t<\/div>\n\n<\/div><\/div><\/div><\/div><div id=\"pg-1764-2\"  class=\"panel-grid panel-no-style\" ><div id=\"pgc-1764-2-0\"  class=\"panel-grid-cell\" ><div id=\"panel-1764-2-0-0\" class=\"so-panel widget widget_text panel-first-child panel-last-child\" data-index=\"4\" ><div class=\"txt-about panel-widget-style panel-widget-style-for-1764-2-0-0\" >\t\t\t<div class=\"textwidget\"><ul>\n<li><strong>Unterst\u00fctzung w\u00e4hrend des gesamten Projekts<\/strong>: Ein dedizierter Ansprechpartner begleitet Sie von der Konzeptphase bis zur Installation und dem After-Sales-Service. Pers\u00f6nliche Beratung, damit jede Entscheidung die passendste ist. <\/li>\n<li><strong>Anpassbare Produkte in Stoffen<\/strong>, Oberfl\u00e4chen und Abmessungen.<\/li>\n<li><strong>Physische Muster verf\u00fcgbar,<\/strong> damit Sie Materialien und Texturen vergleichen k\u00f6nnen, bevor Sie Entscheidungen treffen.<\/li>\n<li><strong>Flexible Liefer- und Montageoptionen,<\/strong> von Teillieferungen bis zu Komplettlieferungen, sowie Zahlungsarten, die an Ihre Bed\u00fcrfnisse angepasst sind.<\/li>\n<li>\u00dcber Ihr professionelles Konto k\u00f6nnen Sie auf exklusive Filter auf der Website zugreifen, verf\u00fcgbare Best\u00e4nde einsehen und Mengen direkt verwalten.<\/li>\n<\/ul>\n<\/div>\n\t\t<\/div><\/div><\/div><\/div><div id=\"pg-1764-3\"  class=\"panel-grid panel-no-style\" ><div id=\"pgc-1764-3-0\"  class=\"panel-grid-cell\" ><div id=\"panel-1764-3-0-0\" class=\"so-panel widget widget_text panel-first-child panel-last-child\" data-index=\"5\" ><div class=\"txt-about panel-widget-style panel-widget-style-for-1764-3-0-0\" >\t\t\t<div class=\"textwidget\"><p><strong>Haben Sie Fragen? Kontaktieren Sie uns und wir helfen Ihnen, Ihr Projekt mit GDECO zu starten. <\/strong><\/p>\n<\/div>\n\t\t<\/div><\/div><\/div><\/div><\/div>","protected":false},"excerpt":{"rendered":"<p>Exklusives Programm f\u00fcr Fachleute Bei GDECO m\u00f6chten wir Sie bei jedem Ihrer Projekte begleiten und Ihnen die Bedingungen bieten, die [&hellip;]<\/p>\n","protected":false},"author":1,"featured_media":0,"parent":0,"menu_order":0,"comment_status":"closed","ping_status":"closed","template":"","meta":{"footnotes":""},"class_list":["post-1764","page","type-page","status-publish","hentry"],"_links":{"self":[{"href":"https:\/\/gdeco.es\/de\/wp-json\/wp\/v2\/pages\/1764","targetHints":{"allow":["GET"]}}],"collection":[{"href":"https:\/\/gdeco.es\/de\/wp-json\/wp\/v2\/pages"}],"about":[{"href":"https:\/\/gdeco.es\/de\/wp-json\/wp\/v2\/types\/page"}],"author":[{"embeddable":true,"href":"https:\/\/gdeco.es\/de\/wp-json\/wp\/v2\/users\/1"}],"replies":[{"embeddable":true,"href":"https:\/\/gdeco.es\/de\/wp-json\/wp\/v2\/comments?post=1764"}],"version-history":[{"count":2,"href":"https:\/\/gdeco.es\/de\/wp-json\/wp\/v2\/pages\/1764\/revisions"}],"predecessor-version":[{"id":1771,"href":"https:\/\/gdeco.es\/de\/wp-json\/wp\/v2\/pages\/1764\/revisions\/1771"}],"wp:attachment":[{"href":"https:\/\/gdeco.es\/de\/wp-json\/wp\/v2\/media?parent=1764"}],"curies":[{"name":"wp","href":"https:\/\/api.w.org\/{rel}","templated":true}]}}