{"id":1499,"date":"2025-07-23T14:17:07","date_gmt":"2025-07-23T12:17:07","guid":{"rendered":"https:\/\/naftictest.es\/gdeco\/about\/"},"modified":"2025-10-02T16:31:54","modified_gmt":"2025-10-02T14:31:54","slug":"about","status":"publish","type":"page","link":"https:\/\/gdeco.es\/fr\/about\/","title":{"rendered":"About"},"content":{"rendered":"<div id=\"pl-1499\"  class=\"panel-layout\" ><div id=\"pg-1499-0\"  class=\"panel-grid panel-no-style\" ><div id=\"pgc-1499-0-0\"  class=\"panel-grid-cell\" ><div id=\"panel-1499-0-0-0\" class=\"so-panel widget widget_sow-image panel-first-child panel-last-child\" data-index=\"0\" ><div\n\t\t\t\n\t\t\tclass=\"so-widget-sow-image so-widget-sow-image-default-8b5b6f678277-1499\"\n\t\t\t\n\t\t>\n<div class=\"sow-image-container\">\n\t\t<img \n\tsrc=\"https:\/\/gdeco.es\/wp-content\/uploads\/2025\/10\/Contract_1-scaled.jpg\" width=\"2560\" height=\"1973\" srcset=\"https:\/\/gdeco.es\/wp-content\/uploads\/2025\/10\/Contract_1-scaled.jpg 2560w, https:\/\/gdeco.es\/wp-content\/uploads\/2025\/10\/Contract_1-300x231.jpg 300w, https:\/\/gdeco.es\/wp-content\/uploads\/2025\/10\/Contract_1-1024x789.jpg 1024w, https:\/\/gdeco.es\/wp-content\/uploads\/2025\/10\/Contract_1-768x592.jpg 768w, https:\/\/gdeco.es\/wp-content\/uploads\/2025\/10\/Contract_1-1536x1184.jpg 1536w, https:\/\/gdeco.es\/wp-content\/uploads\/2025\/10\/Contract_1-2048x1578.jpg 2048w\" sizes=\"(max-width: 2560px) 100vw, 2560px\" title=\"Contract_1\" alt=\"\" \t\tclass=\"so-widget-image\"\/>\n\t<\/div>\n\n<\/div><\/div><\/div><div id=\"pgc-1499-0-1\"  class=\"panel-grid-cell\" ><div id=\"panel-1499-0-1-0\" class=\"so-panel widget widget_sow-editor panel-first-child panel-last-child\" data-index=\"1\" ><div class=\"txt-about panel-widget-style panel-widget-style-for-1499-0-1-0\" ><div\n\t\t\t\n\t\t\tclass=\"so-widget-sow-editor so-widget-sow-editor-base\"\n\t\t\t\n\t\t>\n<div class=\"siteorigin-widget-tinymce textwidget\">\n\t<h2>Entreprise familiale avec une grande projection internationale<\/h2>\n<p data-start=\"1111\" data-end=\"1354\">G Deco est n\u00e9e il y a plus de 20 ans. Depuis nos d\u00e9buts, nous avons toujours cherch\u00e9 aupr\u00e8s de producteurs nationaux et internationaux une grande vari\u00e9t\u00e9 de meubles et d\u2019articles de d\u00e9coration qui apportent \u00e0 la maison une atmosph\u00e8re unique.<\/p>\n<p data-start=\"1356\" data-end=\"1724\">Une autre grande valeur de G Deco est notre caract\u00e8re familial, qui nous a permis d\u2019offrir \u00e0 nos clients un service de proximit\u00e9 et de qualit\u00e9. Jaume, Juan Marcos et Franc repr\u00e9sentons d\u00e9j\u00e0 la deuxi\u00e8me g\u00e9n\u00e9ration \u00e0 la t\u00eate de G Deco et nous affrontons chaque jour avec le plus grand enthousiasme afin de continuer \u00e0 travailler sur de nouveaux designs et collections.<\/p>\n<p data-start=\"1726\" data-end=\"2087\">Dans notre horizon, nous avons une grande mission : miser sur des produits plus durables et respectueux de l\u2019environnement, car nous ne voulons pas seulement que chacun ait une maison plus accueillante et agr\u00e9able, mais aussi que les prochaines g\u00e9n\u00e9rations vivent sur une plan\u00e8te aussi bonne, voire meilleure, que celle dont nous pouvons profiter aujourd\u2019hui.<\/p>\n<\/div>\n<\/div><\/div><\/div><\/div><\/div><div id=\"pg-1499-1\"  class=\"panel-grid panel-no-style\" ><div id=\"pgc-1499-1-0\"  class=\"panel-grid-cell\" ><div id=\"panel-1499-1-0-0\" class=\"so-panel widget widget_sow-editor panel-first-child panel-last-child\" data-index=\"2\" ><div class=\"txt-about panel-widget-style panel-widget-style-for-1499-1-0-0\" ><div\n\t\t\t\n\t\t\tclass=\"so-widget-sow-editor so-widget-sow-editor-base\"\n\t\t\t\n\t\t>\n<div class=\"siteorigin-widget-tinymce textwidget\">\n\t<h2>Made in Spain<\/h2>\n<p data-start=\"724\" data-end=\"908\">Depuis plusieurs ann\u00e9es, nous misons sur des produits fabriqu\u00e9s \u00e0 100 % en Espagne. De cette volont\u00e9 sont n\u00e9s nos catalogues imprim\u00e9s : ELEMENTS (2018), DECO (2023) et MUEBLE (2023).<\/p>\n<p data-start=\"910\" data-end=\"1127\">Nous pensons qu\u2019appr\u00e9cier et mettre en valeur la grande tradition artisanale, sans perdre de vue les derni\u00e8res tendances en mati\u00e8re de design, est essentiel pour parvenir \u00e0 un \u00e9quilibre entre tradition et modernit\u00e9.<\/p>\n<p data-start=\"1129\" data-end=\"1358\">Parmi nos priorit\u00e9s figurent le maintien du tissu industriel le plus proche et la r\u00e9duction des \u00e9missions de CO2. En m\u00eame temps, nous int\u00e9grons dans nos produits de nouveaux mat\u00e9riaux durables et respectueux de l\u2019environnement.<\/p>\n<\/div>\n<\/div><\/div><\/div><\/div><div id=\"pgc-1499-1-1\"  class=\"panel-grid-cell\" ><div id=\"panel-1499-1-1-0\" class=\"so-panel widget widget_sow-image panel-first-child panel-last-child\" data-index=\"3\" ><div\n\t\t\t\n\t\t\tclass=\"so-widget-sow-image so-widget-sow-image-default-8b5b6f678277-1499\"\n\t\t\t\n\t\t>\n<div class=\"sow-image-container\">\n\t\t<img \n\tsrc=\"https:\/\/gdeco.es\/wp-content\/uploads\/2025\/10\/Contract_2-scaled.jpg\" width=\"2560\" height=\"2161\" srcset=\"https:\/\/gdeco.es\/wp-content\/uploads\/2025\/10\/Contract_2-scaled.jpg 2560w, https:\/\/gdeco.es\/wp-content\/uploads\/2025\/10\/Contract_2-300x253.jpg 300w, https:\/\/gdeco.es\/wp-content\/uploads\/2025\/10\/Contract_2-1024x864.jpg 1024w, https:\/\/gdeco.es\/wp-content\/uploads\/2025\/10\/Contract_2-768x648.jpg 768w, https:\/\/gdeco.es\/wp-content\/uploads\/2025\/10\/Contract_2-1536x1296.jpg 1536w, https:\/\/gdeco.es\/wp-content\/uploads\/2025\/10\/Contract_2-2048x1729.jpg 2048w\" sizes=\"(max-width: 2560px) 100vw, 2560px\" title=\"Contract_2\" alt=\"\" \t\tclass=\"so-widget-image\"\/>\n\t<\/div>\n\n<\/div><\/div><\/div><\/div><\/div>","protected":false},"excerpt":{"rendered":"<p>Entreprise familiale avec une grande projection internationale G Deco est n\u00e9e il y a plus de 20 ans. Depuis nos [&hellip;]<\/p>\n","protected":false},"author":1,"featured_media":0,"parent":0,"menu_order":0,"comment_status":"closed","ping_status":"closed","template":"page-templates\/full-width.php","meta":{"footnotes":""},"class_list":["post-1499","page","type-page","status-publish","hentry"],"_links":{"self":[{"href":"https:\/\/gdeco.es\/fr\/wp-json\/wp\/v2\/pages\/1499","targetHints":{"allow":["GET"]}}],"collection":[{"href":"https:\/\/gdeco.es\/fr\/wp-json\/wp\/v2\/pages"}],"about":[{"href":"https:\/\/gdeco.es\/fr\/wp-json\/wp\/v2\/types\/page"}],"author":[{"embeddable":true,"href":"https:\/\/gdeco.es\/fr\/wp-json\/wp\/v2\/users\/1"}],"replies":[{"embeddable":true,"href":"https:\/\/gdeco.es\/fr\/wp-json\/wp\/v2\/comments?post=1499"}],"version-history":[{"count":3,"href":"https:\/\/gdeco.es\/fr\/wp-json\/wp\/v2\/pages\/1499\/revisions"}],"predecessor-version":[{"id":1754,"href":"https:\/\/gdeco.es\/fr\/wp-json\/wp\/v2\/pages\/1499\/revisions\/1754"}],"wp:attachment":[{"href":"https:\/\/gdeco.es\/fr\/wp-json\/wp\/v2\/media?parent=1499"}],"curies":[{"name":"wp","href":"https:\/\/api.w.org\/{rel}","templated":true}]}}