{"id":1507,"date":"2025-07-24T08:15:48","date_gmt":"2025-07-24T06:15:48","guid":{"rendered":"https:\/\/naftictest.es\/gdeco\/mentions-legales\/"},"modified":"2025-10-02T16:43:20","modified_gmt":"2025-10-02T14:43:20","slug":"mentions-legales","status":"publish","type":"page","link":"https:\/\/gdeco.es\/fr\/mentions-legales\/","title":{"rendered":"Mentions l\u00e9gales"},"content":{"rendered":"<p>Conform\u00e9ment aux dispositions de la Loi 34\/2002 relative aux Services de la Soci\u00e9t\u00e9 de l\u2019Information et au Commerce \u00c9lectronique, il est port\u00e9 \u00e0 votre connaissance que Gim\u00e9nez 2002, S.L. est l\u2019entit\u00e9 titulaire de ce site web, dont le nom de domaine principal est gdeco.es, et vous informe en outre de ce qui suit :<\/p>\n<p>TITULARIT\u00c9<br \/>\nNom de l\u2019entreprise : Gim\u00e9nez 2002, S.L. (LE TITULAIRE)<br \/>Identifiant fiscal (CIF) : B97200216<br \/>Si\u00e8ge social : Ctra. Tur\u00eds &#8211; Silla, km 1,6, 46389 Tur\u00eds, Valence<br \/>Courriel : gdeco@gdeco.es <\/p>\n<p>PROPRI\u00c9T\u00c9 ET RESPONSABILIT\u00c9<br \/>\nGim\u00e9nez 2002 S.L. Tous droits r\u00e9serv\u00e9s.<br \/>\nLe pr\u00e9sent site web est la propri\u00e9t\u00e9 du TITULAIRE. Toute reproduction totale ou partielle est interdite sans l\u2019autorisation expresse du titulaire et des propri\u00e9taires des droits de reproduction et des marques. La reproduction, la copie, l\u2019utilisation, la distribution, la commercialisation publique ou toute autre activit\u00e9 pouvant \u00eatre r\u00e9alis\u00e9e avec les informations contenues dans ces pages web sans l\u2019autorisation expresse du titulaire et\/ou des propri\u00e9taires des droits et des marques constitue une infraction sanctionn\u00e9e par la l\u00e9gislation en vigueur. Les noms et logos expos\u00e9s sur ces pages sont des marques et droits enregistr\u00e9s. L\u2019acc\u00e8s \u00e0 ce site web est soumis aux conditions suivantes : la reproduction, le stockage permanent et la diffusion des contenus ou tout autre usage \u00e0 des fins publiques ou commerciales sont express\u00e9ment interdits sans le consentement pr\u00e9alable, expr\u00e8s et \u00e9crit du Titulaire.<br \/>\nLe Titulaire d\u00e9cline toute responsabilit\u00e9 d\u00e9coulant de la mauvaise utilisation des contenus affich\u00e9s sur ces pages et se r\u00e9serve le droit de les mettre \u00e0 jour, de les supprimer, de fixer des limitations ou d\u2019en restreindre l\u2019acc\u00e8s \u00e0 tout moment, de mani\u00e8re temporaire ou permanente. Le Titulaire rejette toute responsabilit\u00e9 concernant toute information non contenue sur ces pages web. En particulier, il rejette toute responsabilit\u00e9 concernant les informations figurant sur des pages web de tiers connect\u00e9es par des liens (links) aux pages web du titulaire. Il n\u2019est pas non plus responsable des \u00e9ventuelles erreurs de s\u00e9curit\u00e9 pouvant survenir en raison de l\u2019utilisation d\u2019ordinateurs infect\u00e9s par des virus informatiques ou des cons\u00e9quences pouvant d\u00e9couler d\u2019un dysfonctionnement du navigateur ou de l\u2019utilisation de versions obsol\u00e8tes de celui-ci. Les informations et services inclus ou disponibles \u00e0 travers ce site web peuvent contenir des inexactitudes ou des erreurs typographiques. Le Titulaire int\u00e8gre p\u00e9riodiquement des am\u00e9liorations et\/ou modifications aux informations et\/ou aux services, qui peuvent \u00eatre introduites \u00e0 tout moment. Le Titulaire ne garantit pas que les services ou contenus soient ininterrompus ou exempts d\u2019erreurs, que les d\u00e9fauts soient corrig\u00e9s, ou que le service ou le serveur qui le met \u00e0 disposition soient exempts de virus ou d\u2019autres composants nuisibles, bien que le Titulaire mette tout en \u0153uvre pour \u00e9viter ce type d\u2019incident. Le Titulaire d\u00e9cline toute responsabilit\u00e9 en cas d\u2019interruptions ou de dysfonctionnements des services ou contenus offerts sur Internet, quelle qu\u2019en soit la cause. De m\u00eame, le Titulaire n\u2019est pas responsable des pannes de r\u00e9seau, des pertes commerciales r\u00e9sultant de telles pannes, des suspensions temporaires d\u2019alimentation \u00e9lectrique ou de tout autre type de dommage indirect caus\u00e9 par des raisons ind\u00e9pendantes de la volont\u00e9 du Titulaire. Avant de prendre des d\u00e9cisions et\/ou d\u2019agir sur la base des informations incluses sur le site web, le Titulaire recommande de v\u00e9rifier et de comparer les informations re\u00e7ues avec d\u2019autres sources.          <\/p>\n<p>FINALIT\u00c9<br \/>\nLa finalit\u00e9 de ce site web est la publication de biens et de services par le Titulaire pour leur vente ou leur contractualisation en ligne, ainsi que d\u2019autres informations g\u00e9n\u00e9rales sur l\u2019entit\u00e9 et son activit\u00e9.<\/p>\n<p>CONTACT<br \/>\nSi vous avez des questions concernant ces conditions l\u00e9gales ou si vous souhaitez formuler un commentaire sur ce site web, vous pouvez nous contacter par l\u2019un des moyens de contact fournis.<\/p>\n<p>LOI APPLICABLE ET JURIDICTION<br \/>\nLes pr\u00e9sentes conditions g\u00e9n\u00e9rales sont r\u00e9gies par la l\u00e9gislation espagnole. Pour tout litige pouvant survenir en relation avec le site web ou l\u2019activit\u00e9 qui y est exerc\u00e9e, les tribunaux de Valence seront comp\u00e9tents, l\u2019utilisateur renon\u00e7ant express\u00e9ment \u00e0 tout autre for pouvant lui correspondre. <\/p>\n","protected":false},"excerpt":{"rendered":"<p>Conform\u00e9ment aux dispositions de la Loi 34\/2002 relative aux Services de la Soci\u00e9t\u00e9 de l\u2019Information et au Commerce \u00c9lectronique, il [&hellip;]<\/p>\n","protected":false},"author":1,"featured_media":0,"parent":0,"menu_order":0,"comment_status":"closed","ping_status":"closed","template":"page-templates\/full-width.php","meta":{"footnotes":""},"class_list":["post-1507","page","type-page","status-publish","hentry"],"_links":{"self":[{"href":"https:\/\/gdeco.es\/fr\/wp-json\/wp\/v2\/pages\/1507","targetHints":{"allow":["GET"]}}],"collection":[{"href":"https:\/\/gdeco.es\/fr\/wp-json\/wp\/v2\/pages"}],"about":[{"href":"https:\/\/gdeco.es\/fr\/wp-json\/wp\/v2\/types\/page"}],"author":[{"embeddable":true,"href":"https:\/\/gdeco.es\/fr\/wp-json\/wp\/v2\/users\/1"}],"replies":[{"embeddable":true,"href":"https:\/\/gdeco.es\/fr\/wp-json\/wp\/v2\/comments?post=1507"}],"version-history":[{"count":1,"href":"https:\/\/gdeco.es\/fr\/wp-json\/wp\/v2\/pages\/1507\/revisions"}],"predecessor-version":[{"id":1759,"href":"https:\/\/gdeco.es\/fr\/wp-json\/wp\/v2\/pages\/1507\/revisions\/1759"}],"wp:attachment":[{"href":"https:\/\/gdeco.es\/fr\/wp-json\/wp\/v2\/media?parent=1507"}],"curies":[{"name":"wp","href":"https:\/\/api.w.org\/{rel}","templated":true}]}}