{"id":1515,"date":"2025-07-24T08:16:49","date_gmt":"2025-07-24T06:16:49","guid":{"rendered":"https:\/\/naftictest.es\/gdeco\/politique-de-cookies\/"},"modified":"2025-10-13T08:53:09","modified_gmt":"2025-10-13T06:53:09","slug":"politique-de-cookies","status":"publish","type":"page","link":"https:\/\/gdeco.es\/fr\/politique-de-cookies\/","title":{"rendered":"Politique de Cookies"},"content":{"rendered":"<p>La pr\u00e9sente politique de cookies a pour objectif de vous informer de mani\u00e8re claire et pr\u00e9cise sur les cookies utilis\u00e9s sur ce site web.<\/p>\n<p><strong>Qu\u2019est-ce qu\u2019un cookie ?<\/strong><\/p>\n<p>Un cookie est un petit fichier texte que les sites web que vous visitez envoient \u00e0 votre navigateur et qui permet au site de m\u00e9moriser des informations sur votre visite, comme votre langue pr\u00e9f\u00e9r\u00e9e et d\u2019autres param\u00e8tres, afin de faciliter votre prochaine visite et de rendre le site plus utile. Les cookies jouent un r\u00f4le tr\u00e8s important et contribuent \u00e0 am\u00e9liorer l\u2019exp\u00e9rience de navigation de l\u2019utilisateur. <\/p>\n<p>Types de cookies<br \/>\nSelon l\u2019entit\u00e9 qui g\u00e8re le domaine \u00e0 partir duquel les cookies sont envoy\u00e9s et qui traite les donn\u00e9es obtenues, on distingue deux types : cookies internes et cookies tiers.<\/p>\n<p>Une autre classification existe selon la dur\u00e9e pendant laquelle les cookies restent stock\u00e9s dans le navigateur du client : cookies de session ou cookies persistants.<\/p>\n<p>Enfin, une autre classification existe en fonction de la finalit\u00e9 : cookies techniques, cookies de personnalisation, cookies d\u2019analyse, cookies publicitaires et cookies de publicit\u00e9 comportementale.<\/p>\n<p>Pour plus d\u2019informations, vous pouvez consulter le Guide sur l\u2019utilisation des cookies de l\u2019Agence espagnole de protection des donn\u00e9es.<\/p>\n<p><strong>Cookies utilizadas en la web<\/strong><br \/>\nA continuaci\u00f3n se identifican las cookies que est\u00e1n siendo utilizadas en este portal as\u00ed como su tipolog\u00eda y funci\u00f3n:<\/p>\n<p>Cookies utilis\u00e9s sur le site<br \/>Ce site utilise Google Tag Manager et Google Analytics, un service d\u2019analyse web d\u00e9velopp\u00e9 par Google qui permet la mesure et l\u2019analyse de la navigation sur les sites web. Dans votre navigateur, vous pourrez observer des cookies de ce service. Selon la classification pr\u00e9c\u00e9dente, il s\u2019agit de cookies internes, de session et d\u2019analyse.  <\/p>\n<p>Gr\u00e2ce \u00e0 l\u2019analyse web, des informations sont obtenues concernant le nombre d\u2019utilisateurs qui acc\u00e8dent au site, le nombre de pages vues, la fr\u00e9quence et la r\u00e9p\u00e9tition des visites, leur dur\u00e9e, le navigateur utilis\u00e9, l\u2019op\u00e9rateur qui fournit le service, la langue, le terminal utilis\u00e9 et la ville correspondant \u00e0 l\u2019adresse IP. Ces informations permettent d\u2019offrir un service meilleur et plus adapt\u00e9. <\/p>\n<p>Pour garantir l\u2019anonymat, Google anonymise l\u2019information en tronquant l\u2019adresse IP avant de l\u2019enregistrer, de sorte que Google Analytics n\u2019est pas utilis\u00e9 pour localiser ou recueillir des informations personnelles identifiables des visiteurs du site. Google ne pourra transmettre les informations recueillies par Google Analytics \u00e0 des tiers que lorsque la loi l\u2019y oblige. Conform\u00e9ment aux conditions de service de Google Analytics, Google n\u2019associera pas votre adresse IP \u00e0 d\u2019autres donn\u00e9es d\u00e9tenues par Google.  <\/p>\n<p><strong>Acceptation de la politique de cookies<\/strong><\/p>\n<p>L\u2019utilisation de ce site Web implique l\u2019acceptation de l\u2019utilisation des cookies.<\/p>\n<p>Comment modifier la configuration des cookies<br \/>\nVous pouvez restreindre, bloquer ou supprimer les cookies de ce site ou de tout autre site Web \u00e0 l\u2019aide de votre navigateur. Chaque navigateur est diff\u00e9rent, la fonction \u00ab Aide \u00bb vous montrera comment proc\u00e9der. <\/p>\n","protected":false},"excerpt":{"rendered":"<p>La pr\u00e9sente politique de cookies a pour objectif de vous informer de mani\u00e8re claire et pr\u00e9cise sur les cookies utilis\u00e9s [&hellip;]<\/p>\n","protected":false},"author":1,"featured_media":0,"parent":0,"menu_order":0,"comment_status":"closed","ping_status":"closed","template":"page-templates\/full-width.php","meta":{"footnotes":""},"class_list":["post-1515","page","type-page","status-publish","hentry"],"_links":{"self":[{"href":"https:\/\/gdeco.es\/fr\/wp-json\/wp\/v2\/pages\/1515","targetHints":{"allow":["GET"]}}],"collection":[{"href":"https:\/\/gdeco.es\/fr\/wp-json\/wp\/v2\/pages"}],"about":[{"href":"https:\/\/gdeco.es\/fr\/wp-json\/wp\/v2\/types\/page"}],"author":[{"embeddable":true,"href":"https:\/\/gdeco.es\/fr\/wp-json\/wp\/v2\/users\/1"}],"replies":[{"embeddable":true,"href":"https:\/\/gdeco.es\/fr\/wp-json\/wp\/v2\/comments?post=1515"}],"version-history":[{"count":1,"href":"https:\/\/gdeco.es\/fr\/wp-json\/wp\/v2\/pages\/1515\/revisions"}],"predecessor-version":[{"id":1781,"href":"https:\/\/gdeco.es\/fr\/wp-json\/wp\/v2\/pages\/1515\/revisions\/1781"}],"wp:attachment":[{"href":"https:\/\/gdeco.es\/fr\/wp-json\/wp\/v2\/media?parent=1515"}],"curies":[{"name":"wp","href":"https:\/\/api.w.org\/{rel}","templated":true}]}}