{"id":1526,"date":"2025-07-24T08:16:18","date_gmt":"2025-07-24T06:16:18","guid":{"rendered":"https:\/\/naftictest.es\/gdeco\/politique-de-confidentialite\/"},"modified":"2025-10-03T08:26:25","modified_gmt":"2025-10-03T06:26:25","slug":"politique-de-confidentialite","status":"publish","type":"page","link":"https:\/\/gdeco.es\/fr\/politique-de-confidentialite\/","title":{"rendered":"Politique de confidentialit\u00e9"},"content":{"rendered":"<p data-start=\"67\" data-end=\"355\">G DECO vous informe sur cette page de sa Politique de Confidentialit\u00e9 concernant le traitement et la protection des donn\u00e9es personnelles des utilisateurs et clients pouvant \u00eatre recueillies lors de la navigation, lors de l\u2019achat d\u2019un produit ou de la souscription d\u2019un service via ce site web.<\/p>\n<p data-start=\"357\" data-end=\"775\">\u00c0 cet \u00e9gard, GDECO.ES respecte le R\u00e8glement (UE) 2016\/679 du Parlement Europ\u00e9en et du Conseil du 27 avril 2016 relatif \u00e0 la protection des personnes physiques (RGPD) et garantit le respect de la l\u00e9gislation en vigueur en mati\u00e8re de protection des donn\u00e9es personnelles, refl\u00e9t\u00e9e dans la Loi Organique 3\/2018 du 5 d\u00e9cembre sur la Protection des Donn\u00e9es Personnelles et la Garantie des Droits Num\u00e9riques (LOPD GDD).<\/p>\n<p data-start=\"777\" data-end=\"905\">L\u2019utilisation de ce site Web implique l\u2019acceptation de cette Politique de Confidentialit\u00e9 ainsi que des conditions incluses dans l\u2019Avis L\u00e9gal.<\/p>\n<p data-start=\"907\" data-end=\"1150\"><strong data-start=\"907\" data-end=\"948\">DONN\u00c9ES DU RESPONSABLE DU TRAITEMENT<\/strong><br data-start=\"948\" data-end=\"951\">Nom de l&rsquo;entreprise : Gim\u00e9nez 2002, S.L (LE TITULAIRE)<br data-start=\"1003\" data-end=\"1006\">Identification fiscale CIF : B97200216<br data-start=\"1042\" data-end=\"1045\">Si\u00e8ge social : Ctra. Tur\u00eds \u2013 Silla, km 1,6, 46389 Tur\u00eds, VALENCE<br data-start=\"1112\" data-end=\"1115\">Courriel : <a class=\"decorated-link cursor-pointer\" rel=\"noopener\" data-start=\"1135\" data-end=\"1148\">hola@gdeco.es<\/a> <\/p>\n<p data-start=\"1152\" data-end=\"1540\">FINALIT\u00c9 DU TRAITEMENT DES DONN\u00c9ES<br data-start=\"1194\" data-end=\"1197\">La finalit\u00e9 principale du traitement sera de g\u00e9rer les donn\u00e9es des clients \u00e0 des fins de gestion des commandes et devis des produits et services technologiques que nous proposons, de facturation, d\u2019incidents, de service client\u00e8le via un service de consultations et de support apr\u00e8s-vente, de gestion des incidents et de la qualit\u00e9 du service.<\/p>\n<p data-start=\"1542\" data-end=\"2099\">En outre, en c\u00e9dant vos donn\u00e9es, vous nous autorisez express\u00e9ment \u00e0 vous contacter par tout moyen de communication fourni afin d\u2019effectuer des communications commerciales ou informatives. Lorsque vous vous inscrivez \u00e0 notre guide, passez une commande ou effectuez une demande, vous nous fournissez votre email, votre adresse postale et\/ou votre num\u00e9ro de t\u00e9l\u00e9phone et vous nous autorisez express\u00e9ment \u00e0 vous envoyer de la publicit\u00e9 li\u00e9e \u00e0 nos produits et services par tout moyen (courrier, email ou t\u00e9l\u00e9phone) et \u00e0 vous inviter \u00e0 des \u00e9v\u00e9nements organis\u00e9s par l\u2019entreprise. <\/p>\n<p data-start=\"2101\" data-end=\"2322\">DUR\u00c9E DE CONSERVATION DES DONN\u00c9ES<br data-start=\"2139\" data-end=\"2142\">Les donn\u00e9es seront conserv\u00e9es conform\u00e9ment \u00e0 la l\u00e9gislation applicable en droit commercial. Vous pouvez exercer votre droit d\u2019annulation, de rectification ou de suppression \u00e0 tout moment. <\/p>\n<p data-start=\"2324\" data-end=\"2424\">BASE L\u00c9GALE DU TRAITEMENT DES DONN\u00c9ES<br data-start=\"2371\" data-end=\"2374\">Base l\u00e9gale : Ex\u00e9cution d\u2019un contrat (commercial)<\/p>\n<p data-start=\"2426\" data-end=\"2549\">Obligation l\u00e9gale (D\u00e9cret l\u00e9gislatif royal 1\/2007 du 16 novembre et autres r\u00e9glementations compl\u00e9mentaires, Code de commerce)<\/p>\n<p data-start=\"2551\" data-end=\"2725\">DESTINATAIRES DES DONN\u00c9ES<br data-start=\"2581\" data-end=\"2584\">Cessionnaires : Administration fiscale, entit\u00e9s bancaires, Administration publique comp\u00e9tente, entreprises collaboratrices<\/p>\n<p data-start=\"2727\" data-end=\"2852\">EXERCICE DES DROITS<br data-start=\"2752\" data-end=\"2755\">Acc\u00e8s, rectification, opposition, suppression, d\u00e9cisions automatis\u00e9es, limitation, portabilit\u00e9<\/p>\n<p data-start=\"2854\" data-end=\"2881\">D\u00e9lai de r\u00e9ponse : 1 mois<\/p>\n<p data-start=\"2883\" data-end=\"3102\">Vous pouvez exercer vos droits par le moyen suivant : Email \u00e0 <a class=\"decorated-link cursor-pointer\" rel=\"noopener\" data-start=\"2948\" data-end=\"2961\">hola@gdeco.es<\/a>, en fournissant une documentation prouvant l\u2019identit\u00e9 du demandeur (copie du recto de la carte d\u2019identit\u00e9 nationale, ou \u00e9quivalent).<\/p>\n<p data-start=\"3104\" data-end=\"3223\">En tout \u00e9tat de cause, vous pouvez demander la protection de l\u2019Agence espagnole de protection des donn\u00e9es via son site Web.<\/p>\n<p data-start=\"3225\" data-end=\"3512\">MODIFICATIONS DE LA PR\u00c9SENTE POLITIQUE DE CONFIDENTIALIT\u00c9<br data-start=\"3274\" data-end=\"3277\">Nous nous r\u00e9servons le droit de modifier cette politique afin de l\u2019adapter aux \u00e9volutions l\u00e9gislatives ou jurisprudentielles, ainsi qu\u2019aux pratiques du secteur. Dans ce cas, les modifications seront publi\u00e9es sur cette page. <\/p>\n","protected":false},"excerpt":{"rendered":"<p>G DECO vous informe sur cette page de sa Politique de Confidentialit\u00e9 concernant le traitement et la protection des donn\u00e9es [&hellip;]<\/p>\n","protected":false},"author":1,"featured_media":0,"parent":0,"menu_order":0,"comment_status":"closed","ping_status":"closed","template":"page-templates\/full-width.php","meta":{"footnotes":""},"class_list":["post-1526","page","type-page","status-publish","hentry"],"_links":{"self":[{"href":"https:\/\/gdeco.es\/fr\/wp-json\/wp\/v2\/pages\/1526","targetHints":{"allow":["GET"]}}],"collection":[{"href":"https:\/\/gdeco.es\/fr\/wp-json\/wp\/v2\/pages"}],"about":[{"href":"https:\/\/gdeco.es\/fr\/wp-json\/wp\/v2\/types\/page"}],"author":[{"embeddable":true,"href":"https:\/\/gdeco.es\/fr\/wp-json\/wp\/v2\/users\/1"}],"replies":[{"embeddable":true,"href":"https:\/\/gdeco.es\/fr\/wp-json\/wp\/v2\/comments?post=1526"}],"version-history":[{"count":1,"href":"https:\/\/gdeco.es\/fr\/wp-json\/wp\/v2\/pages\/1526\/revisions"}],"predecessor-version":[{"id":1785,"href":"https:\/\/gdeco.es\/fr\/wp-json\/wp\/v2\/pages\/1526\/revisions\/1785"}],"wp:attachment":[{"href":"https:\/\/gdeco.es\/fr\/wp-json\/wp\/v2\/media?parent=1526"}],"curies":[{"name":"wp","href":"https:\/\/api.w.org\/{rel}","templated":true}]}}