{"id":1763,"date":"2025-07-25T14:12:46","date_gmt":"2025-07-25T12:12:46","guid":{"rendered":"https:\/\/naftictest.es\/gdeco\/contract\/"},"modified":"2025-10-02T16:55:42","modified_gmt":"2025-10-02T14:55:42","slug":"contract","status":"publish","type":"page","link":"https:\/\/gdeco.es\/fr\/contract\/","title":{"rendered":"Contract"},"content":{"rendered":"<div id=\"pl-1763\"  class=\"panel-layout\" ><div id=\"pg-1763-0\"  class=\"panel-grid panel-no-style\" ><div id=\"pgc-1763-0-0\"  class=\"panel-grid-cell\" ><div id=\"panel-1763-0-0-0\" class=\"so-panel widget widget_sow-image panel-first-child panel-last-child\" data-index=\"0\" ><div\n\t\t\t\n\t\t\tclass=\"so-widget-sow-image so-widget-sow-image-default-8b5b6f678277-1763\"\n\t\t\t\n\t\t>\n<div class=\"sow-image-container\">\n\t\t<img \n\tsrc=\"https:\/\/gdeco.es\/wp-content\/uploads\/2025\/10\/Contract_1-scaled.jpg\" width=\"2560\" height=\"1973\" srcset=\"https:\/\/gdeco.es\/wp-content\/uploads\/2025\/10\/Contract_1-scaled.jpg 2560w, https:\/\/gdeco.es\/wp-content\/uploads\/2025\/10\/Contract_1-300x231.jpg 300w, https:\/\/gdeco.es\/wp-content\/uploads\/2025\/10\/Contract_1-1024x789.jpg 1024w, https:\/\/gdeco.es\/wp-content\/uploads\/2025\/10\/Contract_1-768x592.jpg 768w, https:\/\/gdeco.es\/wp-content\/uploads\/2025\/10\/Contract_1-1536x1184.jpg 1536w, https:\/\/gdeco.es\/wp-content\/uploads\/2025\/10\/Contract_1-2048x1578.jpg 2048w\" sizes=\"(max-width: 2560px) 100vw, 2560px\" title=\"Contract_1\" alt=\"\" \t\tclass=\"so-widget-image\"\/>\n\t<\/div>\n\n<\/div><\/div><\/div><div id=\"pgc-1763-0-1\"  class=\"panel-grid-cell\" ><div id=\"panel-1763-0-1-0\" class=\"so-panel widget widget_text panel-first-child panel-last-child\" data-index=\"1\" ><div class=\"txt-about panel-widget-style panel-widget-style-for-1763-0-1-0\" >\t\t\t<div class=\"textwidget\"><h2>Programme exclusif pour les professionnels<\/h2>\n<p>Chez GDECO, nous voulons vous accompagner dans chacun de vos projets, en vous offrant les conditions qui font r\u00e9ellement la diff\u00e9rence : des conseils d\u2019experts, des processus clairs et une flexibilit\u00e9 totale. Nous ne voulons pas seulement que le monde ait un foyer plus accueillant et agr\u00e9able, mais nous voulons aussi que les prochaines g\u00e9n\u00e9rations vivent sur une plan\u00e8te aussi bonne, voire meilleure, que celle dont nous pouvons profiter aujourd\u2019hui. <\/p>\n<\/div>\n\t\t<\/div><\/div><\/div><\/div><div id=\"pg-1763-1\"  class=\"panel-grid panel-no-style\" ><div id=\"pgc-1763-1-0\"  class=\"panel-grid-cell\" ><div id=\"panel-1763-1-0-0\" class=\"so-panel widget widget_text panel-first-child panel-last-child\" data-index=\"2\" ><div class=\"txt-about panel-widget-style panel-widget-style-for-1763-1-0-0\" >\t\t\t<div class=\"textwidget\"><h2>Avantages et ressources pour votre travail<\/h2>\n<p>Notre programme professionnel est sp\u00e9cialement con\u00e7u pour les architectes d\u2019int\u00e9rieur, d\u00e9corateurs, architectes, h\u00f4tels, restaurants, bureaux, agences immobili\u00e8res, entreprises de construction et soci\u00e9t\u00e9s du secteur. Avec lui, vous aurez acc\u00e8s \u00e0 des r\u00e9ductions exclusives, \u00e0 des solutions globales et \u00e0 un large catalogue d\u2019avantages pens\u00e9s pour vous. <\/p>\n<\/div>\n\t\t<\/div><\/div><\/div><div id=\"pgc-1763-1-1\"  class=\"panel-grid-cell\" ><div id=\"panel-1763-1-1-0\" class=\"so-panel widget widget_sow-image panel-first-child panel-last-child\" data-index=\"3\" ><div\n\t\t\t\n\t\t\tclass=\"so-widget-sow-image so-widget-sow-image-default-8b5b6f678277-1763\"\n\t\t\t\n\t\t>\n<div class=\"sow-image-container\">\n\t\t<img \n\tsrc=\"https:\/\/gdeco.es\/wp-content\/uploads\/2025\/10\/Contract_2-scaled.jpg\" width=\"2560\" height=\"2161\" srcset=\"https:\/\/gdeco.es\/wp-content\/uploads\/2025\/10\/Contract_2-scaled.jpg 2560w, https:\/\/gdeco.es\/wp-content\/uploads\/2025\/10\/Contract_2-300x253.jpg 300w, https:\/\/gdeco.es\/wp-content\/uploads\/2025\/10\/Contract_2-1024x864.jpg 1024w, https:\/\/gdeco.es\/wp-content\/uploads\/2025\/10\/Contract_2-768x648.jpg 768w, https:\/\/gdeco.es\/wp-content\/uploads\/2025\/10\/Contract_2-1536x1296.jpg 1536w, https:\/\/gdeco.es\/wp-content\/uploads\/2025\/10\/Contract_2-2048x1729.jpg 2048w\" sizes=\"(max-width: 2560px) 100vw, 2560px\" title=\"Contract_2\" alt=\"\" \t\tclass=\"so-widget-image\"\/>\n\t<\/div>\n\n<\/div><\/div><\/div><\/div><div id=\"pg-1763-2\"  class=\"panel-grid panel-no-style\" ><div id=\"pgc-1763-2-0\"  class=\"panel-grid-cell\" ><div id=\"panel-1763-2-0-0\" class=\"so-panel widget widget_text panel-first-child panel-last-child\" data-index=\"4\" ><div class=\"txt-about panel-widget-style panel-widget-style-for-1763-2-0-0\" >\t\t\t<div class=\"textwidget\"><ul>\n<li><strong>Support tout au long du projet <\/strong>: un responsable d\u00e9di\u00e9 vous accompagne depuis la phase de conception jusqu\u2019\u00e0 l\u2019installation et le service apr\u00e8s-vente. Conseil personnalis\u00e9 afin que chaque choix soit le plus appropri\u00e9. <\/li>\n<li><strong>Produits personnalisables<\/strong> en tissus, finitions et dimensions.<\/li>\n<li><strong>\u00c9chantillons physiques disponibles<\/strong>, pour que vous puissiez comparer les mat\u00e9riaux et les textures avant de prendre des d\u00e9cisions.<\/li>\n<li><strong>Options de livraison et de montage flexibles,<\/strong> allant des envois partiels aux complets, ainsi que des modalit\u00e9s de paiement adapt\u00e9es \u00e0 vos besoins.<\/li>\n<li>Depuis votre compte professionnel, vous pouvez acc\u00e9der \u00e0 des filtres exclusifs sur le site, consulter le stock disponible et g\u00e9rer directement les quantit\u00e9s.<\/li>\n<\/ul>\n<\/div>\n\t\t<\/div><\/div><\/div><\/div><div id=\"pg-1763-3\"  class=\"panel-grid panel-no-style\" ><div id=\"pgc-1763-3-0\"  class=\"panel-grid-cell\" ><div id=\"panel-1763-3-0-0\" class=\"so-panel widget widget_text panel-first-child panel-last-child\" data-index=\"5\" ><div class=\"txt-about panel-widget-style panel-widget-style-for-1763-3-0-0\" >\t\t\t<div class=\"textwidget\"><p><strong>Vous avez des questions ? Contactez-nous et nous vous aiderons \u00e0 d\u00e9marrer votre projet avec GDECO. <\/strong><\/p>\n<\/div>\n\t\t<\/div><\/div><\/div><\/div><\/div>","protected":false},"excerpt":{"rendered":"<p>Programme exclusif pour les professionnels Chez GDECO, nous voulons vous accompagner dans chacun de vos projets, en vous offrant les [&hellip;]<\/p>\n","protected":false},"author":1,"featured_media":0,"parent":0,"menu_order":0,"comment_status":"closed","ping_status":"closed","template":"","meta":{"footnotes":""},"class_list":["post-1763","page","type-page","status-publish","hentry"],"_links":{"self":[{"href":"https:\/\/gdeco.es\/fr\/wp-json\/wp\/v2\/pages\/1763","targetHints":{"allow":["GET"]}}],"collection":[{"href":"https:\/\/gdeco.es\/fr\/wp-json\/wp\/v2\/pages"}],"about":[{"href":"https:\/\/gdeco.es\/fr\/wp-json\/wp\/v2\/types\/page"}],"author":[{"embeddable":true,"href":"https:\/\/gdeco.es\/fr\/wp-json\/wp\/v2\/users\/1"}],"replies":[{"embeddable":true,"href":"https:\/\/gdeco.es\/fr\/wp-json\/wp\/v2\/comments?post=1763"}],"version-history":[{"count":2,"href":"https:\/\/gdeco.es\/fr\/wp-json\/wp\/v2\/pages\/1763\/revisions"}],"predecessor-version":[{"id":1770,"href":"https:\/\/gdeco.es\/fr\/wp-json\/wp\/v2\/pages\/1763\/revisions\/1770"}],"wp:attachment":[{"href":"https:\/\/gdeco.es\/fr\/wp-json\/wp\/v2\/media?parent=1763"}],"curies":[{"name":"wp","href":"https:\/\/api.w.org\/{rel}","templated":true}]}}