{"id":558,"date":"2025-06-20T09:17:29","date_gmt":"2025-06-20T07:17:29","guid":{"rendered":"https:\/\/naftictest.es\/gdeco\/inicio\/"},"modified":"2026-04-07T15:59:12","modified_gmt":"2026-04-07T13:59:12","slug":"inicio","status":"publish","type":"page","link":"https:\/\/gdeco.es\/fr\/","title":{"rendered":"Inicio"},"content":{"rendered":"<div id=\"pl-558\"  class=\"panel-layout\" ><div id=\"pg-558-0\"  class=\"panel-grid panel-no-style\" ><div id=\"pgc-558-0-0\"  class=\"panel-grid-cell\" ><div id=\"panel-558-0-0-0\" class=\"widget_text so-panel widget widget_custom_html panel-first-child panel-last-child\" data-index=\"0\" ><div class=\"textwidget custom-html-widget\">\n\t\t\t\t<p class=\"rs-p-wp-fix\"><\/p>\n\t\t\t\t<sr7-module data-alias=\"home-fr\" data-id=\"3\" id=\"SR7_3_1\" class=\"rs-ov-hidden\" data-version=\"6.7.34\">\n\t\t\t\t\t<sr7-adjuster><\/sr7-adjuster>\n\t\t\t\t\t<sr7-content>\n\t\t\t\t\t\t<sr7-slide id=\"SR7_3_1-11\" data-key=\"11\">\n\t\t\t\t\t\t\t<sr7-bg id=\"SR7_3_1-11-3\" class=\"sr7-layer\"><noscript><img decoding=\"async\" src=\"https:\/\/gdeco.es\/wp-content\/uploads\/2026\/03\/1-SLIDER-OUTDOOR.jpg\" alt=\"\" title=\"SLIDER-OUTDOOR\"><\/noscript><\/sr7-bg>\n\t\t\t\t\t\t\t<a id=\"SR7_3_1-11-0\" class=\"sr7-layer\" href=\"https:\/\/b2b.gdeco.es\/B2BOVPWeb\/c\/es\/ES\/gdecooutdooruebleexteriorterrazaconjuntosjardinmesassillasbutacas\" target=\"_self\">G Deco\nOutdoor<\/a>\n\t\t\t\t\t\t\t<sr7-txt id=\"SR7_3_1-11-1\" class=\"sr7-layer\">Il est temps de profiter<\/sr7-txt>\n\t\t\t\t\t\t\t<a id=\"SR7_3_1-11-2\" class=\"sr7-layer\" href=\"https:\/\/b2b.gdeco.es\/B2BOVPWeb\/c\/es\/ES\/gdecooutdooruebleexteriorterrazaconjuntosjardinmesassillasbutacas\" target=\"_self\">D\u00e9couvrez-les<\/a>\n\t\t\t\t\t\t<\/sr7-slide>\n\t\t\t\t\t\t<sr7-slide id=\"SR7_3_1-12\" data-key=\"12\">\n\t\t\t\t\t\t\t<sr7-bg id=\"SR7_3_1-12-3\" class=\"sr7-layer\"><noscript><img decoding=\"async\" src=\"https:\/\/gdeco.es\/wp-content\/uploads\/2025\/10\/SLIDER.jpg\" alt=\"\" title=\"SLIDER\"><\/noscript><\/sr7-bg>\n\t\t\t\t\t\t\t<sr7-txt id=\"SR7_3_1-12-0\" class=\"sr7-layer\">Salles \u00e0 manger avec style<\/sr7-txt>\n\t\t\t\t\t\t\t<sr7-txt id=\"SR7_3_1-12-1\" class=\"sr7-layer\">Dans le nouveau catalogue\n<\/sr7-txt>\n\t\t\t\t\t\t\t<a id=\"SR7_3_1-12-2\" class=\"sr7-layer\" href=\"\" target=\"_self\">D\u00e9couvrir\n<\/a>\n\t\t\t\t\t\t<\/sr7-slide>\n\t\t\t\t\t\t<sr7-slide id=\"SR7_3_1-13\" data-key=\"13\">\n\t\t\t\t\t\t\t<sr7-bg id=\"SR7_3_1-13-3\" class=\"sr7-layer\"><noscript><img decoding=\"async\" src=\"https:\/\/gdeco.es\/wp-content\/uploads\/2025\/10\/SLIDER-3-1.jpg\" alt=\"\" title=\"SLIDER 3\"><\/noscript><\/sr7-bg>\n\t\t\t\t\t\t\t<sr7-txt id=\"SR7_3_1-13-0\" class=\"sr7-layer\">Miroirs en bois\n<\/sr7-txt>\n\t\t\t\t\t\t\t<sr7-txt id=\"SR7_3_1-13-1\" class=\"sr7-layer\">Dans le nouveau catalogue\n<\/sr7-txt>\n\t\t\t\t\t\t\t<a id=\"SR7_3_1-13-2\" class=\"sr7-layer\" href=\"\" target=\"_self\">D\u00e9couvrir\n<\/a>\n\t\t\t\t\t\t<\/sr7-slide>\n\t\t\t\t\t\t<sr7-slide id=\"SR7_3_1-14\" data-key=\"14\">\n\t\t\t\t\t\t<\/sr7-slide>\n\t\t\t\t\t<\/sr7-content>\n\t\t\t\t\t<image_lists style=\"display:none\">\n\t\t\t\t\t\t<img data-src=\"\/\/gdeco.es\/wp-content\/uploads\/2026\/03\/1-SLIDER-OUTDOOR.jpg\" data-libid=\"1867\" data-lib=\"medialibrary\" title=\"SLIDER-OUTDOOR\" width=\"0\" height=\"0\" data-dbsrc=\"Ly9nZGVjby5lcy93cC1jb250ZW50L3VwbG9hZHMvMjAyNi8wMy8xLVNMSURFUi1PVVRET09SLmpwZw==\"\/>\n\t\t\t\t\t\t<img data-src=\"\/\/gdeco.es\/wp-content\/uploads\/2025\/10\/SLIDER.jpg\" data-libid=\"1642\" data-lib=\"medialibrary\" title=\"SLIDER\" width=\"0\" height=\"0\" data-dbsrc=\"Ly9nZGVjby5lcy93cC1jb250ZW50L3VwbG9hZHMvMjAyNS8xMC9TTElERVIuanBn\"\/>\n\t\t\t\t\t\t<img data-src=\"\/\/gdeco.es\/wp-content\/uploads\/2025\/10\/SLIDER-3-1.jpg\" data-libid=\"1632\" data-lib=\"medialibrary\" title=\"SLIDER 3\" width=\"0\" height=\"0\" data-dbsrc=\"Ly9nZGVjby5lcy93cC1jb250ZW50L3VwbG9hZHMvMjAyNS8xMC9TTElERVItMy0xLmpwZw==\"\/>\n\t\t\t\t\t<\/image_lists>\n\t\t\t\t<\/sr7-module>\n\t\t\t\t<script>\n\t\t\t\t\tSR7.PMH ??={}; SR7.PMH[\"SR7_3_1\"] = {cn:100,state:false,fn: function() { if (_tpt!==undefined && _tpt.prepareModuleHeight !== undefined) {  _tpt.prepareModuleHeight({id:\"SR7_3_1\",el:[900,900,768,960,720],type:'standard',shdw:'0',gh:[900,900,743,565,349],gw:[1240,1240,1024,778,480],vpt:['-100px'],size:{fullWidth:true, fullHeight:false},mh:'0',onh:0,onw:0,bg:{color:'{\"orig\":\"transparent\",\"type\":\"solid\",\"string\":\"transparent\"}'}});   SR7.PMH[\"SR7_3_1\"].state=true;} else if(SR7.PMH[\"SR7_3_1\"].cn-->0)\tsetTimeout( SR7.PMH[\"SR7_3_1\"].fn,19);}};SR7.PMH[\"SR7_3_1\" ].fn();\n\t\t\t\t<\/script>\n<\/div><\/div><\/div><\/div><div id=\"pg-558-1\"  class=\"panel-grid panel-no-style\" ><div id=\"pgc-558-1-0\"  class=\"panel-grid-cell\" ><div id=\"panel-558-1-0-0\" class=\"widget_text so-panel widget widget_custom_html panel-first-child panel-last-child\" data-index=\"1\" ><div class=\"textwidget custom-html-widget\"><h2 style=\"text-align:center\">CATALOGUES<\/h2><\/div><\/div><\/div><\/div><div id=\"pg-558-2\"  class=\"panel-grid panel-has-style\" ><div class=\"catalogos-home panel-row-style panel-row-style-for-558-2\" ><div id=\"pgc-558-2-0\"  class=\"panel-grid-cell\" ><div id=\"panel-558-2-0-0\" class=\"so-panel widget widget_sow-image panel-first-child\" data-index=\"2\" ><div\n\t\t\t\n\t\t\tclass=\"so-widget-sow-image so-widget-sow-image-default-c67d20f9f743-558\"\n\t\t\t\n\t\t>\n<div class=\"sow-image-container\">\n\t\t<img \n\tsrc=\"https:\/\/gdeco.es\/wp-content\/uploads\/2025\/06\/elementsvol1.png\" width=\"501\" height=\"503\" srcset=\"https:\/\/gdeco.es\/wp-content\/uploads\/2025\/06\/elementsvol1.png 501w, https:\/\/gdeco.es\/wp-content\/uploads\/2025\/06\/elementsvol1-300x300.png 300w, https:\/\/gdeco.es\/wp-content\/uploads\/2025\/06\/elementsvol1-100x100.png 100w, https:\/\/gdeco.es\/wp-content\/uploads\/2025\/06\/elementsvol1-150x150.png 150w\" sizes=\"(max-width: 501px) 100vw, 501px\" alt=\"\" \t\tclass=\"so-widget-image\"\/>\n\t<\/div>\n\n<\/div><\/div><div id=\"panel-558-2-0-1\" class=\"widget_text so-panel widget widget_custom_html panel-last-child\" data-index=\"3\" ><div class=\"textwidget custom-html-widget\"><h5>ELEMENTS VOL. 1<\/h5>\n<p>Mueble auxiliar artesanal 100% fabricado en Espa\u00f1a<\/p>\n<div class=\"btn-container\">\n<a class=\"btn\" href=\"#\">D\u00e9couvrir<\/a>\n<a target=\"_blank\" class=\"btn\" href=\"https:\/\/b2b.gdeco.es\/B2BOVPWeb\/solicitud-catalogo\/es\/ES?catalogo=1\">En version papier<\/a>\n<\/div><\/div><\/div><\/div><div id=\"pgc-558-2-1\"  class=\"panel-grid-cell\" ><div id=\"panel-558-2-1-0\" class=\"so-panel widget widget_sow-image panel-first-child\" data-index=\"4\" ><div\n\t\t\t\n\t\t\tclass=\"so-widget-sow-image so-widget-sow-image-default-c67d20f9f743-558\"\n\t\t\t\n\t\t>\n<div class=\"sow-image-container\">\n\t\t<img \n\tsrc=\"https:\/\/gdeco.es\/wp-content\/uploads\/2025\/10\/CATALOGO-MESAS-SILLAS-1.png\" width=\"499\" height=\"503\" srcset=\"https:\/\/gdeco.es\/wp-content\/uploads\/2025\/10\/CATALOGO-MESAS-SILLAS-1.png 499w, https:\/\/gdeco.es\/wp-content\/uploads\/2025\/10\/CATALOGO-MESAS-SILLAS-1-298x300.png 298w, https:\/\/gdeco.es\/wp-content\/uploads\/2025\/10\/CATALOGO-MESAS-SILLAS-1-150x150.png 150w\" sizes=\"(max-width: 499px) 100vw, 499px\" title=\"CAT\u00c1LOGO MESAS-SILLAS\" alt=\"\" \t\tclass=\"so-widget-image\"\/>\n\t<\/div>\n\n<\/div><\/div><div id=\"panel-558-2-1-1\" class=\"widget_text so-panel widget widget_custom_html panel-last-child\" data-index=\"5\" ><div class=\"textwidget custom-html-widget\"><h5>CAT\u00c1LOGUES DE MEUBLES<\/h5>\n<p>Tables, chaises, fauteuils, tableaux et miroirs<\/p>\n<div class=\"btn-container\">\n<a class=\"btn\" href=\"#\">D\u00e9couvrir<\/a>\n<a target=\"_blank\" class=\"btn\" href=\"https:\/\/b2b.gdeco.es\/B2BOVPWeb\/solicitud-catalogo\/es\/ES?catalogo=2\">En version papier<\/a>\n<\/div><\/div><\/div><\/div><div id=\"pgc-558-2-2\"  class=\"panel-grid-cell\" ><div id=\"panel-558-2-2-0\" class=\"so-panel widget widget_sow-image panel-first-child\" data-index=\"6\" ><div\n\t\t\t\n\t\t\tclass=\"so-widget-sow-image so-widget-sow-image-default-c67d20f9f743-558\"\n\t\t\t\n\t\t>\n<div class=\"sow-image-container\">\n\t\t<img \n\tsrc=\"https:\/\/gdeco.es\/wp-content\/uploads\/2026\/04\/Frame-104.jpg\" width=\"499\" height=\"501\" srcset=\"https:\/\/gdeco.es\/wp-content\/uploads\/2026\/04\/Frame-104.jpg 499w, https:\/\/gdeco.es\/wp-content\/uploads\/2026\/04\/Frame-104-300x300.jpg 300w, https:\/\/gdeco.es\/wp-content\/uploads\/2026\/04\/Frame-104-150x150.jpg 150w\" sizes=\"(max-width: 499px) 100vw, 499px\" title=\"Frame 104\" alt=\"\" \t\tclass=\"so-widget-image\"\/>\n\t<\/div>\n\n<\/div><\/div><div id=\"panel-558-2-2-1\" class=\"widget_text so-panel widget widget_custom_html panel-last-child\" data-index=\"7\" ><div class=\"textwidget custom-html-widget\"><h5>G DECO OUTDOOR<\/h5>\n<p>Nouveau catalogue de mobilier d\u2019ext\u00e9rieur<\/p>\n<div class=\"btn-container\">\n<a class=\"btn\" href=\"#\">D\u00e9couvrir<\/a>\n<a target=\"_blank\" class=\"btn\" href=\"https:\/\/b2b.gdeco.es\/B2BOVPWeb\/solicitud-catalogo\/es\/ES?catalogo=3\">En version papier<\/a>\n<\/div><\/div><\/div><\/div><\/div><\/div><div id=\"pg-558-3\"  class=\"panel-grid panel-no-style\" ><div id=\"pgc-558-3-0\"  class=\"panel-grid-cell\" ><div id=\"panel-558-3-0-0\" class=\"widget_text so-panel widget widget_custom_html panel-first-child panel-last-child\" data-index=\"8\" ><div class=\"textwidget custom-html-widget\"><div class=\"cat-container\">\n\t<img decoding=\"async\" src=\"https:\/\/gdeco.es\/wp-content\/uploads\/2025\/10\/LAMP-1.jpg\">\n\t<div class=\"texto\">\n\t\t<h4>LAMPES<\/h4>\n\t\t<a href=\"https:\/\/b2b.gdeco.es\/B2BOVPWeb\/c\/fr\/FR\/lamparassobremesalamparassuelolamparastecholamparasledcristalmetalceramicacuerdanatural\">d\u00e9couvrir<\/a>\n\t<\/div>\n<\/div><\/div><\/div><\/div><div id=\"pgc-558-3-1\"  class=\"panel-grid-cell\" ><div id=\"panel-558-3-1-0\" class=\"widget_text so-panel widget widget_custom_html panel-first-child panel-last-child\" data-index=\"9\" ><div class=\"textwidget custom-html-widget\"><div class=\"cat-container\">\n\t\t<img decoding=\"async\" src=\"https:\/\/gdeco.es\/wp-content\/uploads\/2025\/10\/DECO-1.jpg\">\n\t<div class=\"texto\">\n\t\t<h4>D\u00c9CORATION<\/h4>\n\t\t<a href=\"https:\/\/b2b.gdeco.es\/B2BOVPWeb\/c\/fr\/FR\/decoracionjarronescristalceramicaportafotosfigurasdecorativasjarronessueloesculturas\">d\u00e9couvrir<\/a>\n\t<\/div>\n<\/div><\/div><\/div><\/div><div id=\"pgc-558-3-2\"  class=\"panel-grid-cell\" ><div id=\"panel-558-3-2-0\" class=\"widget_text so-panel widget widget_custom_html panel-first-child panel-last-child\" data-index=\"10\" ><div class=\"textwidget custom-html-widget\"><div class=\"cat-container\">\n\t\t<img decoding=\"async\" src=\"https:\/\/gdeco.es\/wp-content\/uploads\/2025\/10\/ASIENTOS-1.jpg\">\n\t<div class=\"texto\">\n\t\t<h4>ASSISES<\/h4>\n\t\t<a href=\"https:\/\/b2b.gdeco.es\/B2BOVPWeb\/c\/fr\/FR\/sillassillasgiratoriasbutacasbutacasgiratoriasgranconforsillasmaderasillaschapa\">d\u00e9couvrir<\/a>\n\t<\/div>\n<\/div><\/div><\/div><\/div><\/div><div id=\"pg-558-4\"  class=\"panel-grid panel-no-style\" ><div id=\"pgc-558-4-0\"  class=\"panel-grid-cell\" ><div id=\"panel-558-4-0-0\" class=\"widget_text so-panel widget widget_custom_html panel-first-child panel-last-child\" data-index=\"11\" ><div class=\"textwidget custom-html-widget\"><div class=\"cat-container\">\n\t\t<img decoding=\"async\" src=\"https:\/\/gdeco.es\/wp-content\/uploads\/2025\/10\/ESPEJOS-1.jpg\">\n\t<div class=\"texto\">\n\t\t<h4>MIROIRS<\/h4>\n\t\t<a href=\"https:\/\/b2b.gdeco.es\/B2BOVPWeb\/c\/fr\/FR\/B-ESPEJOS\">d\u00e9couvrir<\/a>\n\t<\/div>\n<\/div><\/div><\/div><\/div><div id=\"pgc-558-4-1\"  class=\"panel-grid-cell\" ><div id=\"panel-558-4-1-0\" class=\"widget_text so-panel widget widget_custom_html panel-first-child panel-last-child\" data-index=\"12\" ><div class=\"textwidget custom-html-widget\"><div class=\"cat-container\">\n\t<img decoding=\"async\" src=\"https:\/\/gdeco.es\/wp-content\/uploads\/2025\/10\/CUADROS-1.jpg\">\n\t<div class=\"texto\">\n\t\t<h4>TABLEAUX<\/h4>\n\t\t<a href=\"https:\/\/b2b.gdeco.es\/B2BOVPWeb\/c\/fr\/FR\/cuadrosoleoscuadroscristalcuadrosmarcomaderacuadrosgigantesrelojespared\">d\u00e9couvrir<\/a>\n\t<\/div>\n<\/div><\/div><\/div><\/div><div id=\"pgc-558-4-2\"  class=\"panel-grid-cell\" ><div id=\"panel-558-4-2-0\" class=\"widget_text so-panel widget widget_custom_html panel-first-child panel-last-child\" data-index=\"13\" ><div class=\"textwidget custom-html-widget\"><div class=\"cat-container\">\n<img decoding=\"async\" src=\"https:\/\/gdeco.es\/wp-content\/uploads\/2025\/10\/MOBILIARIO-1.jpg\">\n\t<div class=\"texto\">\n\t\t<h4>MOBILIER<\/h4>\n\t\t<a href=\"https:\/\/b2b.gdeco.es\/B2BOVPWeb\/c\/fr\/FR\/muebleschaparoblemuebleschapanogalmesaschapanaturalmesasauxiliaresmesillasmesitascomodasaparadoresmueblestvzapateros\n\">d\u00e9couvrir<\/a>\n\t<\/div>\n<\/div><\/div><\/div><\/div><\/div><div id=\"pg-558-5\"  class=\"panel-grid panel-has-style\" ><div class=\"panel-row-style panel-row-style-for-558-5\" ><div id=\"pgc-558-5-0\"  class=\"panel-grid-cell\" ><div id=\"panel-558-5-0-0\" class=\"widget_text so-panel widget widget_custom_html panel-first-child panel-last-child\" data-index=\"14\" ><div class=\"widget_text panel-widget-style panel-widget-style-for-558-5-0-0\" ><div class=\"textwidget custom-html-widget\"><div class=\"profesional-container\">\n\t\t<p>VOUS \u00caTES UN PROFESSIONNEL?<\/p>\n\t\t<a href=\"#\">Inscrivez-vous et profitez de nombreux avantages en tant que client<\/a>\n\t<p class=\"separador\"><\/p>\n\t\t<a href=\"https:\/\/b2b.gdeco.es\/B2BOVPWeb\/login\/iniciarSession\" class=\"btn\">M\u2019inscrire<\/a>\n\t<\/div><\/div><\/div><\/div><\/div><div id=\"pgc-558-5-1\"  class=\"panel-grid-cell\" ><div id=\"panel-558-5-1-0\" class=\"widget_text so-panel widget widget_custom_html panel-first-child panel-last-child\" data-index=\"15\" ><div class=\"widget_text ventajas panel-widget-style panel-widget-style-for-558-5-1-0\" ><div class=\"textwidget custom-html-widget\"><p>\n<img decoding=\"async\" src=\"https:\/\/gdeco.es\/wp-content\/uploads\/2025\/06\/CurrencyEur.png\">\n\tLe meilleur rapport qualit\u00e9\/prix\n<\/p>\n\n<p>\n<img decoding=\"async\" src=\"https:\/\/gdeco.es\/wp-content\/uploads\/2025\/06\/handshake.png\">\n\tVente directe aux clients professionnels\n<\/p>\n\n<p>\n<img decoding=\"async\" src=\"https:\/\/gdeco.es\/wp-content\/uploads\/2025\/06\/truck.png\">\n\tCommandes trait\u00e9es en 48 heures\n<\/p>\n\n<p>\n<img decoding=\"async\" src=\"https:\/\/gdeco.es\/wp-content\/uploads\/2025\/06\/new.png\">\n\tNouveaut\u00e9s toute l\u2019ann\u00e9e\n<\/p><\/div><\/div><\/div><\/div><\/div><\/div><div id=\"pg-558-6\"  class=\"panel-grid panel-no-style\" ><div id=\"pgc-558-6-0\"  class=\"panel-grid-cell\" ><div id=\"panel-558-6-0-0\" class=\"so-panel widget widget_sow-image panel-first-child panel-last-child\" data-index=\"16\" ><div\n\t\t\t\n\t\t\tclass=\"so-widget-sow-image so-widget-sow-image-default-8b5b6f678277-558\"\n\t\t\t\n\t\t>\n<div class=\"sow-image-container\">\n\t\t<img \n\tsrc=\"https:\/\/gdeco.es\/wp-content\/uploads\/2025\/06\/194544b30a4fb675522a118577bcac70d022ae20-scaled.jpg\" width=\"2560\" height=\"1707\" srcset=\"https:\/\/gdeco.es\/wp-content\/uploads\/2025\/06\/194544b30a4fb675522a118577bcac70d022ae20-scaled.jpg 2560w, https:\/\/gdeco.es\/wp-content\/uploads\/2025\/06\/194544b30a4fb675522a118577bcac70d022ae20-scaled-600x400.jpg 600w, https:\/\/gdeco.es\/wp-content\/uploads\/2025\/06\/194544b30a4fb675522a118577bcac70d022ae20-300x200.jpg 300w, https:\/\/gdeco.es\/wp-content\/uploads\/2025\/06\/194544b30a4fb675522a118577bcac70d022ae20-1024x683.jpg 1024w, https:\/\/gdeco.es\/wp-content\/uploads\/2025\/06\/194544b30a4fb675522a118577bcac70d022ae20-768x512.jpg 768w, https:\/\/gdeco.es\/wp-content\/uploads\/2025\/06\/194544b30a4fb675522a118577bcac70d022ae20-1536x1024.jpg 1536w, https:\/\/gdeco.es\/wp-content\/uploads\/2025\/06\/194544b30a4fb675522a118577bcac70d022ae20-2048x1366.jpg 2048w, https:\/\/gdeco.es\/wp-content\/uploads\/2025\/06\/194544b30a4fb675522a118577bcac70d022ae20-272x182.jpg 272w\" sizes=\"(max-width: 2560px) 100vw, 2560px\" title=\"194544b30a4fb675522a118577bcac70d022ae20\" alt=\"\" \t\tclass=\"so-widget-image\"\/>\n\t<\/div>\n\n<\/div><\/div><\/div><div id=\"pgc-558-6-1\"  class=\"panel-grid-cell\" ><div id=\"panel-558-6-1-0\" class=\"widget_text so-panel widget widget_custom_html panel-first-child panel-last-child\" data-index=\"17\" ><div class=\"textwidget custom-html-widget\"><div class=\"profesional-container\">\n\t\t<p>CONTRACT<\/p>\n\t\t<a href=\"#\">Nous offrons des services et produits pour les h\u00f4tels, la restauration et d'autres espaces commerciaux<\/a>\n\t<p class=\"separador\"><\/p>\n\t\t<a href=\"https:\/\/gdeco.es\/contract\/\" class=\"btn\">En savoir plus<\/a>\n\t<\/div><\/div><\/div><\/div><\/div><\/div>","protected":false},"excerpt":{"rendered":"<p>G Deco Outdoor Il est temps de profiter D\u00e9couvrez-les Salles \u00e0 manger avec style Dans le nouveau catalogue D\u00e9couvrir Miroirs [&hellip;]<\/p>\n","protected":false},"author":1,"featured_media":0,"parent":0,"menu_order":0,"comment_status":"closed","ping_status":"closed","template":"","meta":{"footnotes":""},"class_list":["post-558","page","type-page","status-publish","hentry"],"_links":{"self":[{"href":"https:\/\/gdeco.es\/fr\/wp-json\/wp\/v2\/pages\/558","targetHints":{"allow":["GET"]}}],"collection":[{"href":"https:\/\/gdeco.es\/fr\/wp-json\/wp\/v2\/pages"}],"about":[{"href":"https:\/\/gdeco.es\/fr\/wp-json\/wp\/v2\/types\/page"}],"author":[{"embeddable":true,"href":"https:\/\/gdeco.es\/fr\/wp-json\/wp\/v2\/users\/1"}],"replies":[{"embeddable":true,"href":"https:\/\/gdeco.es\/fr\/wp-json\/wp\/v2\/comments?post=558"}],"version-history":[{"count":8,"href":"https:\/\/gdeco.es\/fr\/wp-json\/wp\/v2\/pages\/558\/revisions"}],"predecessor-version":[{"id":1888,"href":"https:\/\/gdeco.es\/fr\/wp-json\/wp\/v2\/pages\/558\/revisions\/1888"}],"wp:attachment":[{"href":"https:\/\/gdeco.es\/fr\/wp-json\/wp\/v2\/media?parent=558"}],"curies":[{"name":"wp","href":"https:\/\/api.w.org\/{rel}","templated":true}]}}