{"id":1508,"date":"2025-07-24T08:15:48","date_gmt":"2025-07-24T06:15:48","guid":{"rendered":"https:\/\/naftictest.es\/gdeco\/avviso-legale\/"},"modified":"2025-10-02T16:47:56","modified_gmt":"2025-10-02T14:47:56","slug":"avviso-legale","status":"publish","type":"page","link":"https:\/\/gdeco.es\/it\/avviso-legale\/","title":{"rendered":"Avviso legale"},"content":{"rendered":"<p>In conformit\u00e0 a quanto stabilito dalla Legge 34\/2002 sui Servizi della Societ\u00e0 dell\u2019Informazione e sul Commercio Elettronico, si informa che Gim\u00e9nez 2002, S.L. \u00e8 l\u2019entit\u00e0 titolare di questo sito web, il cui nome di dominio principale \u00e8 gdeco.es, e informa inoltre di quanto segue:<\/p>\n<p>TITOLARIT\u00c0<br \/>\nNome dell\u2019azienda: Gim\u00e9nez 2002, S.L. (IL TITOLARE)<br \/>Identificazione fiscale (CIF): B97200216<br \/>Sede legale: Ctra. Tur\u00eds &#8211; Silla, km 1,6, 46389 Tur\u00eds, Valencia<br \/>E-mail: gdeco@gdeco.es <\/p>\n<p>PROPRIET\u00c0 E RESPONSABILIT\u00c0<br \/>\nGim\u00e9nez 2002 S.L. Tutti i diritti riservati.<br \/>\nIl presente sito web \u00e8 propriet\u00e0 del TITOLARE. \u00c8 vietata la riproduzione totale o parziale senza l\u2019autorizzazione espressa del titolare e dei titolari dei diritti di riproduzione e dei marchi. La riproduzione, la copia, l\u2019uso, la distribuzione, la commercializzazione pubblica o qualsiasi altra attivit\u00e0 che possa essere effettuata con le informazioni contenute in queste pagine web senza l\u2019autorizzazione espressa del titolare e\/o dei titolari dei diritti e dei marchi costituisce un\u2019infrazione sanzionata dalla legislazione vigente. I nomi e i loghi esposti in queste pagine sono marchi e diritti registrati. L\u2019accesso a questo sito web \u00e8 soggetto alle seguenti condizioni: la riproduzione, l\u2019archiviazione permanente e la diffusione dei contenuti o qualsiasi altro uso a fini pubblici o commerciali \u00e8 espressamente vietato senza il previo consenso espresso e scritto del Titolare.<br \/>\nIl Titolare declina ogni responsabilit\u00e0 derivante da un uso improprio dei contenuti esposti in queste pagine e si riserva il diritto di aggiornarli, eliminarli, stabilire limitazioni o restringere l\u2019accesso in qualsiasi momento, in via temporanea o permanente. Il Titolare declina ogni responsabilit\u00e0 per qualsiasi informazione non contenuta in queste pagine web. In particolare, declina la responsabilit\u00e0 per le informazioni contenute in pagine web di terzi collegate tramite link alle pagine web di sua propriet\u00e0. Inoltre, non \u00e8 responsabile di eventuali errori di sicurezza che possano verificarsi a causa dell\u2019uso di computer infettati da virus informatici o delle conseguenze derivanti da malfunzionamenti del browser o dall\u2019uso di versioni non aggiornate dello stesso. Le informazioni e i servizi inclusi o disponibili attraverso questo sito web possono contenere inesattezze o errori tipografici. Periodicamente il Titolare incorpora miglioramenti e\/o modifiche alle informazioni e\/o ai servizi, che possono essere introdotti in qualsiasi momento. Il Titolare non dichiara n\u00e9 garantisce che i servizi o i contenuti siano ininterrotti o privi di errori, che i difetti vengano corretti o che il servizio o il server che lo rende disponibile siano privi di virus o di altri componenti dannosi, senza pregiudizio degli sforzi del Titolare per evitare questo tipo di incidenti. Il Titolare declina ogni responsabilit\u00e0 in caso di interruzioni o malfunzionamenti dei servizi o dei contenuti offerti su Internet, qualunque sia la loro causa. Inoltre, il Titolare non \u00e8 responsabile per cadute di rete, perdite commerciali conseguenti a tali cadute, sospensioni temporanee di fornitura elettrica o qualsiasi altro tipo di danno indiretto che possa essere causato da ragioni indipendenti dal Titolare. Prima di prendere decisioni e\/o azioni sulla base delle informazioni incluse nel sito web, il Titolare raccomanda di verificare e confrontare le informazioni ricevute con altre fonti.          <\/p>\n<p>FINALIT\u00c0<br \/>\nLa finalit\u00e0 di questo sito web \u00e8 la pubblicazione di beni e servizi da parte del Titolare per la vendita o la contrattazione online, nonch\u00e9 altre informazioni generali sull\u2019entit\u00e0 e sulla sua attivit\u00e0.<\/p>\n<p>CONTATTO<br \/>\nNel caso in cui abbiate qualsiasi dubbio riguardo a queste Condizioni legali o vogliate formulare qualsiasi commento su questo sito web, potete contattarci tramite uno dei metodi di contatto forniti.<\/p>\n<p>LEGGE APPLICABILE E GIURISDIZIONE<br \/>\nLe presenti condizioni generali sono regolate dalla legislazione spagnola. Per qualsiasi controversia che possa sorgere in relazione al sito web o all\u2019attivit\u00e0 che vi si svolge, saranno competenti i Tribunali di Valencia, con rinuncia espressa da parte dell\u2019utente a qualsiasi altro foro che possa corrispondergli. <\/p>\n","protected":false},"excerpt":{"rendered":"<p>In conformit\u00e0 a quanto stabilito dalla Legge 34\/2002 sui Servizi della Societ\u00e0 dell\u2019Informazione e sul Commercio Elettronico, si informa che [&hellip;]<\/p>\n","protected":false},"author":1,"featured_media":0,"parent":0,"menu_order":0,"comment_status":"closed","ping_status":"closed","template":"page-templates\/full-width.php","meta":{"footnotes":""},"class_list":["post-1508","page","type-page","status-publish","hentry"],"_links":{"self":[{"href":"https:\/\/gdeco.es\/it\/wp-json\/wp\/v2\/pages\/1508","targetHints":{"allow":["GET"]}}],"collection":[{"href":"https:\/\/gdeco.es\/it\/wp-json\/wp\/v2\/pages"}],"about":[{"href":"https:\/\/gdeco.es\/it\/wp-json\/wp\/v2\/types\/page"}],"author":[{"embeddable":true,"href":"https:\/\/gdeco.es\/it\/wp-json\/wp\/v2\/users\/1"}],"replies":[{"embeddable":true,"href":"https:\/\/gdeco.es\/it\/wp-json\/wp\/v2\/comments?post=1508"}],"version-history":[{"count":1,"href":"https:\/\/gdeco.es\/it\/wp-json\/wp\/v2\/pages\/1508\/revisions"}],"predecessor-version":[{"id":1761,"href":"https:\/\/gdeco.es\/it\/wp-json\/wp\/v2\/pages\/1508\/revisions\/1761"}],"wp:attachment":[{"href":"https:\/\/gdeco.es\/it\/wp-json\/wp\/v2\/media?parent=1508"}],"curies":[{"name":"wp","href":"https:\/\/api.w.org\/{rel}","templated":true}]}}