{"id":1517,"date":"2025-07-24T08:16:49","date_gmt":"2025-07-24T06:16:49","guid":{"rendered":"https:\/\/naftictest.es\/gdeco\/politica-sui-cookie\/"},"modified":"2025-10-13T08:54:17","modified_gmt":"2025-10-13T06:54:17","slug":"politica-sui-cookie","status":"publish","type":"page","link":"https:\/\/gdeco.es\/it\/politica-sui-cookie\/","title":{"rendered":"Informativa sui Cookie"},"content":{"rendered":"<p>La presente informativa sui cookie ha lo scopo di informarvi in modo chiaro e preciso sui cookie utilizzati in questo sito web.<\/p>\n<p><strong>Cosa sono i cookie?<\/strong><\/p>\n<p>Un cookie \u00e8 un piccolo file di testo che i siti web visitati inviano al browser e che consente al sito di ricordare informazioni sulla vostra visita, come la lingua preferita e altre impostazioni, per facilitare la vostra prossima visita e rendere il sito pi\u00f9 utile. I cookie svolgono un ruolo molto importante e contribuiscono a offrire una migliore esperienza di navigazione. <\/p>\n<p>Tipi di cookie<br \/>\nIn base all\u2019entit\u00e0 che gestisce il dominio da cui vengono inviati i cookie e tratta i dati ottenuti, si distinguono due tipi: cookie propri e cookie di terze parti.<\/p>\n<p>Esiste anche una seconda classificazione in base alla durata di permanenza nel browser dell\u2019utente: cookie di sessione o cookie persistenti.<\/p>\n<p>Infine, esiste un\u2019ulteriore classificazione con cinque tipi di cookie in base alla finalit\u00e0 per cui vengono trattati i dati: cookie tecnici, cookie di personalizzazione, cookie di analisi, cookie pubblicitari e cookie di pubblicit\u00e0 comportamentale.<\/p>\n<p>Per maggiori informazioni, potete consultare la Guida sull\u2019uso dei cookie dell\u2019Agenzia Spagnola per la Protezione dei Dati.<\/p>\n<p>Cookie utilizzati sul sito<\/p>\n<p>Questo sito utilizza Google Tag Manager e Google Analytics, un servizio di analisi web sviluppato da Google che consente la misurazione e l\u2019analisi della navigazione sui siti web. Nel vostro browser potrete osservare cookie di questo servizio. Secondo la classificazione precedente, si tratta di cookie propri, di sessione e di analisi.  <\/p>\n<p>Attraverso l\u2019analisi web si ottengono informazioni relative al numero di utenti che accedono al sito, al numero di pagine viste, alla frequenza e ripetizione delle visite, alla loro durata, al browser utilizzato, all\u2019operatore che fornisce il servizio, alla lingua, al dispositivo utilizzato e alla citt\u00e0 a cui \u00e8 assegnato l\u2019indirizzo IP. Informazioni che permettono un servizio migliore e pi\u00f9 adeguato. <\/p>\n<p>Per garantire l\u2019anonimato, Google anonimizza le informazioni troncando l\u2019indirizzo IP prima di archiviarlo, in modo che Google Analytics non venga utilizzato per localizzare o raccogliere informazioni personali identificabili dei visitatori del sito. Google potr\u00e0 trasmettere le informazioni raccolte da Google Analytics a terzi solo quando sar\u00e0 legalmente obbligata a farlo. Secondo le condizioni di servizio di Google Analytics, Google non assocer\u00e0 il vostro indirizzo IP a nessun altro dato conservato da Google.  <\/p>\n<p><strong>Accettazione dell\u2019informativa sui cookie<\/strong><\/p>\n<p>Utilizzando questo sito web si presume che accettiate l\u2019uso dei cookie.<\/p>\n<p>Come modificare la configurazione dei cookie<br \/>\nPotete limitare, bloccare o eliminare i cookie di questo o di qualsiasi altro sito web utilizzando il vostro browser. In ogni browser l\u2019operazione \u00e8 diversa, la funzione \u00abAiuto\u00bb vi mostrer\u00e0 come procedere. <\/p>\n","protected":false},"excerpt":{"rendered":"<p>La presente informativa sui cookie ha lo scopo di informarvi in modo chiaro e preciso sui cookie utilizzati in questo [&hellip;]<\/p>\n","protected":false},"author":1,"featured_media":0,"parent":0,"menu_order":0,"comment_status":"closed","ping_status":"closed","template":"page-templates\/full-width.php","meta":{"footnotes":""},"class_list":["post-1517","page","type-page","status-publish","hentry"],"_links":{"self":[{"href":"https:\/\/gdeco.es\/it\/wp-json\/wp\/v2\/pages\/1517","targetHints":{"allow":["GET"]}}],"collection":[{"href":"https:\/\/gdeco.es\/it\/wp-json\/wp\/v2\/pages"}],"about":[{"href":"https:\/\/gdeco.es\/it\/wp-json\/wp\/v2\/types\/page"}],"author":[{"embeddable":true,"href":"https:\/\/gdeco.es\/it\/wp-json\/wp\/v2\/users\/1"}],"replies":[{"embeddable":true,"href":"https:\/\/gdeco.es\/it\/wp-json\/wp\/v2\/comments?post=1517"}],"version-history":[{"count":1,"href":"https:\/\/gdeco.es\/it\/wp-json\/wp\/v2\/pages\/1517\/revisions"}],"predecessor-version":[{"id":1783,"href":"https:\/\/gdeco.es\/it\/wp-json\/wp\/v2\/pages\/1517\/revisions\/1783"}],"wp:attachment":[{"href":"https:\/\/gdeco.es\/it\/wp-json\/wp\/v2\/media?parent=1517"}],"curies":[{"name":"wp","href":"https:\/\/api.w.org\/{rel}","templated":true}]}}